{"id":5002,"date":"2025-08-27T14:35:51","date_gmt":"2025-08-27T14:35:51","guid":{"rendered":"https:\/\/asdeliciasdosertao.com.br\/?post_type=product&#038;p=5002"},"modified":"2025-08-27T14:35:54","modified_gmt":"2025-08-27T14:35:54","slug":"pimenta-do-reino-preta-em-grao-premium-100g","status":"publish","type":"product","link":"https:\/\/asdeliciasdosertao.com.br\/?product=pimenta-do-reino-preta-em-grao-premium-100g","title":{"rendered":"Pimenta do Reino Preta em Gr\u00e3o Premium &#8211; 100g"},"content":{"rendered":"<p>O que \u00e9 a Pimenta do Reino Preta em Gr\u00e3o?<br \/>\nA pimenta do reino preta em gr\u00e3o \u00e9 uma das especiarias mais utilizadas na culin\u00e1ria mundial. Sua origem remonta \u00e0 \u00cdndia, e, devido ao seu sabor \u00fanico e versatilidade, ela se tornou um item indispens\u00e1vel em diversas receitas.<br \/>\nBenef\u00edcios da Pimenta do Reino Preta<br \/>\nAl\u00e9m de real\u00e7ar o sabor dos pratos, a pimenta do reino possui propriedades antioxidantes e anti-inflamat\u00f3rias, que podem contribuir para a sa\u00fade. Ela tamb\u00e9m auxilia na digest\u00e3o e tem sido utilizada em diversas tradi\u00e7\u00f5es medicinais.<br \/>\nComo Usar a Pimenta do Reino Preta em Gr\u00e3o<br \/>\nPara aproveitar ao m\u00e1ximo seu sabor e benef\u00edcios, recomenda-se moer a pimenta do reino preta em gr\u00e3o na hora do uso. Isso garante um aroma intenso e um frescor inigual\u00e1vel nos seus pratos favoritos.<\/p>\n","protected":false},"excerpt":{"rendered":"<p>O que \u00e9 a Pimenta do Reino Preta em Gr\u00e3o? A pimenta do reino preta em gr\u00e3o \u00e9 uma das especiarias mais utilizadas na culin\u00e1ria mundial. Sua origem remonta \u00e0 \u00cdndia, e, devido ao seu sabor \u00fanico e versatilidade, ela se tornou um item indispens\u00e1vel em diversas receitas. Benef\u00edcios da Pimenta do Reino Preta Al\u00e9m [&hellip;]<\/p>\n","protected":false},"featured_media":2379,"comment_status":"open","ping_status":"closed","template":"","meta":[],"product_brand":[],"product_cat":[341],"product_tag":[],"class_list":{"0":"post-5002","1":"product","2":"type-product","3":"status-publish","4":"has-post-thumbnail","6":"product_cat-temperos-condimentos","8":"first","9":"instock","10":"shipping-taxable","11":"purchasable","12":"product-type-simple"},"_links":{"self":[{"href":"https:\/\/asdeliciasdosertao.com.br\/index.php?rest_route=\/wp\/v2\/product\/5002","targetHints":{"allow":["GET"]}}],"collection":[{"href":"https:\/\/asdeliciasdosertao.com.br\/index.php?rest_route=\/wp\/v2\/product"}],"about":[{"href":"https:\/\/asdeliciasdosertao.com.br\/index.php?rest_route=\/wp\/v2\/types\/product"}],"replies":[{"embeddable":true,"href":"https:\/\/asdeliciasdosertao.com.br\/index.php?rest_route=%2Fwp%2Fv2%2Fcomments&post=5002"}],"wp:featuredmedia":[{"embeddable":true,"href":"https:\/\/asdeliciasdosertao.com.br\/index.php?rest_route=\/wp\/v2\/media\/2379"}],"wp:attachment":[{"href":"https:\/\/asdeliciasdosertao.com.br\/index.php?rest_route=%2Fwp%2Fv2%2Fmedia&parent=5002"}],"wp:term":[{"taxonomy":"product_brand","embeddable":true,"href":"https:\/\/asdeliciasdosertao.com.br\/index.php?rest_route=%2Fwp%2Fv2%2Fproduct_brand&post=5002"},{"taxonomy":"product_cat","embeddable":true,"href":"https:\/\/asdeliciasdosertao.com.br\/index.php?rest_route=%2Fwp%2Fv2%2Fproduct_cat&post=5002"},{"taxonomy":"product_tag","embeddable":true,"href":"https:\/\/asdeliciasdosertao.com.br\/index.php?rest_route=%2Fwp%2Fv2%2Fproduct_tag&post=5002"}],"curies":[{"name":"wp","href":"https:\/\/api.w.org\/{rel}","templated":true}]}}