{"id":4989,"date":"2025-08-27T14:35:50","date_gmt":"2025-08-27T14:35:50","guid":{"rendered":"https:\/\/asdeliciasdosertao.com.br\/?post_type=product&#038;p=4989"},"modified":"2025-08-27T14:35:53","modified_gmt":"2025-08-27T14:35:53","slug":"farinha-dagua-grossa-do-maranhao-1kg","status":"publish","type":"product","link":"https:\/\/asdeliciasdosertao.com.br\/?product=farinha-dagua-grossa-do-maranhao-1kg","title":{"rendered":"Farinha D\u00b4Agua Grossa do Maranh\u00e3o &#8211; 1kg"},"content":{"rendered":"<p>O que \u00e9 a Farinha d&#8217;\u00c1gua Grossa?<br \/>\nA farinha d&#8217;\u00e1gua grossa \u00e9 um ingrediente essencial na culin\u00e1ria brasileira, especialmente utilizada em diversas receitas tradicionais. Sua textura mais granulada a torna ideal para a prepara\u00e7\u00e3o de pratos como farofas e polenta, proporcionando um sabor \u00fanico.<br \/>\nBenef\u00edcios Nutricionais<br \/>\nAl\u00e9m de seu uso culin\u00e1rio, a farinha d&#8217;\u00e1gua grossa apresenta benef\u00edcios nutricionais. Rica em carboidratos complexos, ela oferece energia sustentada, sendo uma excelente op\u00e7\u00e3o para quem busca uma alimenta\u00e7\u00e3o equilibrada. Tamb\u00e9m cont\u00e9m fibras, que favorecem a digest\u00e3o.<\/p>\n<p>&nbsp;<\/p>\n","protected":false},"excerpt":{"rendered":"<p dir=\"ltr\" data-pm-slice=\"1 1 []\">Farinha d\u2019\u00e1gua artesanal, textura \u00fanica para pir\u00e3o e pratos nordestinos. 100% mandioca natural.<\/p>\n","protected":false},"featured_media":2264,"comment_status":"open","ping_status":"closed","template":"","meta":[],"product_brand":[],"product_cat":[337],"product_tag":[158,171,168,169,172,170,173],"class_list":{"0":"post-4989","1":"product","2":"type-product","3":"status-publish","4":"has-post-thumbnail","6":"product_cat-produtos-regionais","7":"product_tag-artesanal","8":"product_tag-comida-nordestina","9":"product_tag-farinha-dagua","10":"product_tag-mandioca","11":"product_tag-natural","12":"product_tag-pirao","13":"product_tag-sem-gluten","15":"first","16":"outofstock","17":"shipping-taxable","18":"purchasable","19":"product-type-simple"},"_links":{"self":[{"href":"https:\/\/asdeliciasdosertao.com.br\/index.php?rest_route=\/wp\/v2\/product\/4989","targetHints":{"allow":["GET"]}}],"collection":[{"href":"https:\/\/asdeliciasdosertao.com.br\/index.php?rest_route=\/wp\/v2\/product"}],"about":[{"href":"https:\/\/asdeliciasdosertao.com.br\/index.php?rest_route=\/wp\/v2\/types\/product"}],"replies":[{"embeddable":true,"href":"https:\/\/asdeliciasdosertao.com.br\/index.php?rest_route=%2Fwp%2Fv2%2Fcomments&post=4989"}],"wp:featuredmedia":[{"embeddable":true,"href":"https:\/\/asdeliciasdosertao.com.br\/index.php?rest_route=\/wp\/v2\/media\/2264"}],"wp:attachment":[{"href":"https:\/\/asdeliciasdosertao.com.br\/index.php?rest_route=%2Fwp%2Fv2%2Fmedia&parent=4989"}],"wp:term":[{"taxonomy":"product_brand","embeddable":true,"href":"https:\/\/asdeliciasdosertao.com.br\/index.php?rest_route=%2Fwp%2Fv2%2Fproduct_brand&post=4989"},{"taxonomy":"product_cat","embeddable":true,"href":"https:\/\/asdeliciasdosertao.com.br\/index.php?rest_route=%2Fwp%2Fv2%2Fproduct_cat&post=4989"},{"taxonomy":"product_tag","embeddable":true,"href":"https:\/\/asdeliciasdosertao.com.br\/index.php?rest_route=%2Fwp%2Fv2%2Fproduct_tag&post=4989"}],"curies":[{"name":"wp","href":"https:\/\/api.w.org\/{rel}","templated":true}]}}