{"id":4985,"date":"2025-08-27T14:35:50","date_gmt":"2025-08-27T14:35:50","guid":{"rendered":"https:\/\/asdeliciasdosertao.com.br\/?post_type=product&#038;p=4985"},"modified":"2025-10-06T23:16:42","modified_gmt":"2025-10-06T23:16:42","slug":"molho-de-pimenta-calabresa-cremoso-nativa-150ml","status":"publish","type":"product","link":"https:\/\/asdeliciasdosertao.com.br\/?product=molho-de-pimenta-calabresa-cremoso-nativa-150ml","title":{"rendered":"Molho de Pimenta Calabresa Cremoso &#8211; Nativa 150ml"},"content":{"rendered":"<p>Uma Explos\u00e3o de Sabores<br \/>\nO molho de pimenta calabresa cremoso \u00e9 a escolha perfeita para quem adora dar um toque especial aos pratos. Com sua textura suave e sabor intenso, este molho se destaca ao complementar carnes, massas e at\u00e9 saladas.<br \/>\nVersatilidade na Cozinha<br \/>\nAl\u00e9m de ser um excelente acompanhamento, o molho de pimenta calabresa cremoso pode ser utilizado em receitas diversas. Experimente us\u00e1-lo como base para molhos, pat\u00eas ou at\u00e9 mesmo em algumas sopas para um sabor picante e cremoso.<br \/>\nF\u00e1cil de Usar<br \/>\nNo dia a dia, \u00e9 muito pr\u00e1tico: basta abrir o frasco e adicionar \u00e0 sua refei\u00e7\u00e3o. Com o molho de pimenta calabresa cremoso, suas refei\u00e7\u00f5es se tornar\u00e3o mais interessantes e deliciosas, mantendo uma \u00f3tima experi\u00eancia gastron\u00f4mica.<\/p>\n","protected":false},"excerpt":{"rendered":"<p dir=\"ltr\" data-pm-slice=\"1 1 []\">Molho de pimenta calabresa cremoso, pic\u00e2ncia suave e sabor intenso. Perfeito para carnes e massas.<\/p>\n","protected":false},"featured_media":2190,"comment_status":"open","ping_status":"closed","template":"","meta":[],"product_brand":[],"product_cat":[341],"product_tag":[186,188,187,189,180,177,178],"class_list":{"0":"post-4985","1":"product","2":"type-product","3":"status-publish","4":"has-post-thumbnail","6":"product_cat-temperos-condimentos","7":"product_tag-calabresa","8":"product_tag-carnes","9":"product_tag-cremoso","10":"product_tag-massas","11":"product_tag-molho-de-pimenta","12":"product_tag-picante","13":"product_tag-tempero","15":"first","16":"instock","17":"shipping-taxable","18":"purchasable","19":"product-type-simple"},"_links":{"self":[{"href":"https:\/\/asdeliciasdosertao.com.br\/index.php?rest_route=\/wp\/v2\/product\/4985","targetHints":{"allow":["GET"]}}],"collection":[{"href":"https:\/\/asdeliciasdosertao.com.br\/index.php?rest_route=\/wp\/v2\/product"}],"about":[{"href":"https:\/\/asdeliciasdosertao.com.br\/index.php?rest_route=\/wp\/v2\/types\/product"}],"replies":[{"embeddable":true,"href":"https:\/\/asdeliciasdosertao.com.br\/index.php?rest_route=%2Fwp%2Fv2%2Fcomments&post=4985"}],"wp:featuredmedia":[{"embeddable":true,"href":"https:\/\/asdeliciasdosertao.com.br\/index.php?rest_route=\/wp\/v2\/media\/2190"}],"wp:attachment":[{"href":"https:\/\/asdeliciasdosertao.com.br\/index.php?rest_route=%2Fwp%2Fv2%2Fmedia&parent=4985"}],"wp:term":[{"taxonomy":"product_brand","embeddable":true,"href":"https:\/\/asdeliciasdosertao.com.br\/index.php?rest_route=%2Fwp%2Fv2%2Fproduct_brand&post=4985"},{"taxonomy":"product_cat","embeddable":true,"href":"https:\/\/asdeliciasdosertao.com.br\/index.php?rest_route=%2Fwp%2Fv2%2Fproduct_cat&post=4985"},{"taxonomy":"product_tag","embeddable":true,"href":"https:\/\/asdeliciasdosertao.com.br\/index.php?rest_route=%2Fwp%2Fv2%2Fproduct_tag&post=4985"}],"curies":[{"name":"wp","href":"https:\/\/api.w.org\/{rel}","templated":true}]}}