{"id":4982,"date":"2025-08-27T14:35:50","date_gmt":"2025-08-27T14:35:50","guid":{"rendered":"https:\/\/asdeliciasdosertao.com.br\/?post_type=product&#038;p=4982"},"modified":"2025-08-27T14:35:52","modified_gmt":"2025-08-27T14:35:52","slug":"oleo-de-pequi-aroma-dminas-150ml","status":"publish","type":"product","link":"https:\/\/asdeliciasdosertao.com.br\/?product=oleo-de-pequi-aroma-dminas-150ml","title":{"rendered":"\u00d3leo de Pequi &#8211; Aroma D\u00b4Minas &#8211; 150ml"},"content":{"rendered":"<p>O que \u00e9 o \u00d3leo de Pequi?<br \/>\nO \u00f3leo de pequi \u00e9 um produto extra\u00eddo do fruto do pequi, uma planta nativa do Brasil. Este \u00f3leo \u00e9 conhecido por suas propriedades nutri\u00e7\u00e3o e benef\u00edcios \u00e0 sa\u00fade. Ele cont\u00e9m uma variedade de vitaminas e antioxidantes essenciais que ajudam na manuten\u00e7\u00e3o da sa\u00fade.<br \/>\nBenef\u00edcios do \u00d3leo de Pequi<br \/>\nO \u00f3leo de pequi \u00e9 rico em \u00e1cidos graxos e fitoster\u00f3is, que contribuem para a clareza da pele e melhora do cabelo. Al\u00e9m disso, possui propriedades anti-inflamat\u00f3rias que podem ajudar a reduzir o risco de doen\u00e7as cr\u00f4nicas.<br \/>\nComo Usar o \u00d3leo de Pequi<br \/>\nO \u00f3leo de pequi pode ser incorporado em receitas culin\u00e1rias, usado como tempero ou aplicado diretamente na pele e cabelos. Sua versatilidade o torna uma adi\u00e7\u00e3o valiosa a qualquer rotina de cuidados pessoais.<\/p>\n","protected":false},"excerpt":{"rendered":"<p dir=\"ltr\" data-pm-slice=\"1 1 []\">\u00d3leo de pequi Aroma D\u00b4Minas, sabor ex\u00f3tico para pratos t\u00edpicos. 100% natural, artesanal.<\/p>\n","protected":false},"featured_media":2178,"comment_status":"open","ping_status":"closed","template":"","meta":[],"product_brand":[],"product_cat":[337],"product_tag":[197,158,216,172,214,215],"class_list":{"0":"post-4982","1":"product","2":"type-product","3":"status-publish","4":"has-post-thumbnail","6":"product_cat-produtos-regionais","7":"product_tag-aroma-dminas","8":"product_tag-artesanal","9":"product_tag-goiano","10":"product_tag-natural","11":"product_tag-oleo-de-pequi","12":"product_tag-pratos-tipicos","14":"first","15":"instock","16":"shipping-taxable","17":"purchasable","18":"product-type-simple"},"_links":{"self":[{"href":"https:\/\/asdeliciasdosertao.com.br\/index.php?rest_route=\/wp\/v2\/product\/4982","targetHints":{"allow":["GET"]}}],"collection":[{"href":"https:\/\/asdeliciasdosertao.com.br\/index.php?rest_route=\/wp\/v2\/product"}],"about":[{"href":"https:\/\/asdeliciasdosertao.com.br\/index.php?rest_route=\/wp\/v2\/types\/product"}],"replies":[{"embeddable":true,"href":"https:\/\/asdeliciasdosertao.com.br\/index.php?rest_route=%2Fwp%2Fv2%2Fcomments&post=4982"}],"wp:featuredmedia":[{"embeddable":true,"href":"https:\/\/asdeliciasdosertao.com.br\/index.php?rest_route=\/wp\/v2\/media\/2178"}],"wp:attachment":[{"href":"https:\/\/asdeliciasdosertao.com.br\/index.php?rest_route=%2Fwp%2Fv2%2Fmedia&parent=4982"}],"wp:term":[{"taxonomy":"product_brand","embeddable":true,"href":"https:\/\/asdeliciasdosertao.com.br\/index.php?rest_route=%2Fwp%2Fv2%2Fproduct_brand&post=4982"},{"taxonomy":"product_cat","embeddable":true,"href":"https:\/\/asdeliciasdosertao.com.br\/index.php?rest_route=%2Fwp%2Fv2%2Fproduct_cat&post=4982"},{"taxonomy":"product_tag","embeddable":true,"href":"https:\/\/asdeliciasdosertao.com.br\/index.php?rest_route=%2Fwp%2Fv2%2Fproduct_tag&post=4982"}],"curies":[{"name":"wp","href":"https:\/\/api.w.org\/{rel}","templated":true}]}}