{"id":4971,"date":"2025-08-27T14:35:46","date_gmt":"2025-08-27T14:35:46","guid":{"rendered":"https:\/\/asdeliciasdosertao.com.br\/?post_type=product&#038;p=4971"},"modified":"2025-08-27T14:35:49","modified_gmt":"2025-08-27T14:35:49","slug":"farofa-pronta-costelinha-com-limao-nobre-sabor-250g","status":"publish","type":"product","link":"https:\/\/asdeliciasdosertao.com.br\/?product=farofa-pronta-costelinha-com-limao-nobre-sabor-250g","title":{"rendered":"Farofa Pronta Costelinha com Lim\u00e3o &#8211; Nobre Sabor &#8211; 250g"},"content":{"rendered":"<p>Introdu\u00e7\u00e3o \u00e0 Farofa Pronta<br \/>\nA farofa pronta com costelinha e lim\u00e3o \u00e9 uma op\u00e7\u00e3o perfeita para quem busca uma combina\u00e7\u00e3o deliciosa e pr\u00e1tica. Esta iguaria traz a ess\u00eancia da culin\u00e1ria brasileira, permitindo que voc\u00ea desfrute de um prato saboroso sem complica\u00e7\u00f5es.<br \/>\nSabores Inconfund\u00edveis<br \/>\nA mistura de costelinha suculenta com o toque c\u00edtrico do lim\u00e3o proporciona um equil\u00edbrio \u00fanico de sabores. A farofa \u00e9 temperada de maneira a real\u00e7ar a textura crocante e o aroma convidativo, tornando cada garfada uma experi\u00eancia inesquec\u00edvel.<br \/>\nVersatilidade no Seu Prato<br \/>\nEssa farofa vers\u00e1til pode complementar diversos pratos, como churrascos, almo\u00e7os em fam\u00edlia ou jantares especiais. Experimente fazer um acompanhamento perfeito com arroz, feij\u00e3o ou salada, e encante seus convidados com essa del\u00edcia!<\/p>\n","protected":false},"excerpt":{"rendered":"<p>Introdu\u00e7\u00e3o \u00e0 Farofa Pronta A farofa pronta com costelinha e lim\u00e3o \u00e9 uma op\u00e7\u00e3o perfeita para quem busca uma combina\u00e7\u00e3o deliciosa e pr\u00e1tica. Esta iguaria traz a ess\u00eancia da culin\u00e1ria brasileira, permitindo que voc\u00ea desfrute de um prato saboroso sem complica\u00e7\u00f5es. Sabores Inconfund\u00edveis A mistura de costelinha suculenta com o toque c\u00edtrico do lim\u00e3o proporciona [&hellip;]<\/p>\n","protected":false},"featured_media":1977,"comment_status":"open","ping_status":"closed","template":"","meta":[],"product_brand":[],"product_cat":[337],"product_tag":[],"class_list":{"0":"post-4971","1":"product","2":"type-product","3":"status-publish","4":"has-post-thumbnail","6":"product_cat-produtos-regionais","8":"first","9":"instock","10":"shipping-taxable","11":"purchasable","12":"product-type-simple"},"_links":{"self":[{"href":"https:\/\/asdeliciasdosertao.com.br\/index.php?rest_route=\/wp\/v2\/product\/4971","targetHints":{"allow":["GET"]}}],"collection":[{"href":"https:\/\/asdeliciasdosertao.com.br\/index.php?rest_route=\/wp\/v2\/product"}],"about":[{"href":"https:\/\/asdeliciasdosertao.com.br\/index.php?rest_route=\/wp\/v2\/types\/product"}],"replies":[{"embeddable":true,"href":"https:\/\/asdeliciasdosertao.com.br\/index.php?rest_route=%2Fwp%2Fv2%2Fcomments&post=4971"}],"wp:featuredmedia":[{"embeddable":true,"href":"https:\/\/asdeliciasdosertao.com.br\/index.php?rest_route=\/wp\/v2\/media\/1977"}],"wp:attachment":[{"href":"https:\/\/asdeliciasdosertao.com.br\/index.php?rest_route=%2Fwp%2Fv2%2Fmedia&parent=4971"}],"wp:term":[{"taxonomy":"product_brand","embeddable":true,"href":"https:\/\/asdeliciasdosertao.com.br\/index.php?rest_route=%2Fwp%2Fv2%2Fproduct_brand&post=4971"},{"taxonomy":"product_cat","embeddable":true,"href":"https:\/\/asdeliciasdosertao.com.br\/index.php?rest_route=%2Fwp%2Fv2%2Fproduct_cat&post=4971"},{"taxonomy":"product_tag","embeddable":true,"href":"https:\/\/asdeliciasdosertao.com.br\/index.php?rest_route=%2Fwp%2Fv2%2Fproduct_tag&post=4971"}],"curies":[{"name":"wp","href":"https:\/\/api.w.org\/{rel}","templated":true}]}}