{"id":4970,"date":"2025-08-27T14:35:46","date_gmt":"2025-08-27T14:35:46","guid":{"rendered":"https:\/\/asdeliciasdosertao.com.br\/?post_type=product&#038;p=4970"},"modified":"2025-08-27T14:35:49","modified_gmt":"2025-08-27T14:35:49","slug":"farofa-pronta-com-carne-seca-250g-nobre-sabor","status":"publish","type":"product","link":"https:\/\/asdeliciasdosertao.com.br\/?product=farofa-pronta-com-carne-seca-250g-nobre-sabor","title":{"rendered":"Farofa Pronta com Carne Seca 250g &#8211; Nobre Sabor"},"content":{"rendered":"<p>Uma Del\u00edcia Tradicional<br \/>\nA farofa pronta com carne seca da Nobre Sabor \u00e9 uma escolha irresist\u00edvel para quem busca sabor e praticidade. Este prato t\u00edpico brasileiro traz uma mistura perfeita de ingredientes selecionados, proporcionando uma experi\u00eancia gastron\u00f4mica \u00fanica.<br \/>\nPraticidade na Cozinha<br \/>\nCom a farofa pronta, voc\u00ea n\u00e3o precisa se preocupar com preparo complicado. Ideal para acompanhar carnes ou como um lanche r\u00e1pido, basta aquecer e servir. Assim, voc\u00ea tem mais tempo para desfrutar de momentos especiais com sua fam\u00edlia e amigos.<br \/>\nExperimente Hoje Mesmo<br \/>\nGaranta a sua farofa pronta com carne seca da Nobre Sabor e surpreenda-se com sua textura e sabor. Uma op\u00e7\u00e3o que combina tradi\u00e7\u00e3o e modernidade, perfeita para qualquer refei\u00e7\u00e3o!<\/p>\n","protected":false},"excerpt":{"rendered":"<p>Uma Del\u00edcia Tradicional A farofa pronta com carne seca da Nobre Sabor \u00e9 uma escolha irresist\u00edvel para quem busca sabor e praticidade. Este prato t\u00edpico brasileiro traz uma mistura perfeita de ingredientes selecionados, proporcionando uma experi\u00eancia gastron\u00f4mica \u00fanica. Praticidade na Cozinha Com a farofa pronta, voc\u00ea n\u00e3o precisa se preocupar com preparo complicado. Ideal para [&hellip;]<\/p>\n","protected":false},"featured_media":1974,"comment_status":"open","ping_status":"closed","template":"","meta":[],"product_brand":[],"product_cat":[337],"product_tag":[],"class_list":{"0":"post-4970","1":"product","2":"type-product","3":"status-publish","4":"has-post-thumbnail","6":"product_cat-produtos-regionais","8":"first","9":"instock","10":"shipping-taxable","11":"purchasable","12":"product-type-simple"},"_links":{"self":[{"href":"https:\/\/asdeliciasdosertao.com.br\/index.php?rest_route=\/wp\/v2\/product\/4970","targetHints":{"allow":["GET"]}}],"collection":[{"href":"https:\/\/asdeliciasdosertao.com.br\/index.php?rest_route=\/wp\/v2\/product"}],"about":[{"href":"https:\/\/asdeliciasdosertao.com.br\/index.php?rest_route=\/wp\/v2\/types\/product"}],"replies":[{"embeddable":true,"href":"https:\/\/asdeliciasdosertao.com.br\/index.php?rest_route=%2Fwp%2Fv2%2Fcomments&post=4970"}],"wp:featuredmedia":[{"embeddable":true,"href":"https:\/\/asdeliciasdosertao.com.br\/index.php?rest_route=\/wp\/v2\/media\/1974"}],"wp:attachment":[{"href":"https:\/\/asdeliciasdosertao.com.br\/index.php?rest_route=%2Fwp%2Fv2%2Fmedia&parent=4970"}],"wp:term":[{"taxonomy":"product_brand","embeddable":true,"href":"https:\/\/asdeliciasdosertao.com.br\/index.php?rest_route=%2Fwp%2Fv2%2Fproduct_brand&post=4970"},{"taxonomy":"product_cat","embeddable":true,"href":"https:\/\/asdeliciasdosertao.com.br\/index.php?rest_route=%2Fwp%2Fv2%2Fproduct_cat&post=4970"},{"taxonomy":"product_tag","embeddable":true,"href":"https:\/\/asdeliciasdosertao.com.br\/index.php?rest_route=%2Fwp%2Fv2%2Fproduct_tag&post=4970"}],"curies":[{"name":"wp","href":"https:\/\/api.w.org\/{rel}","templated":true}]}}