{"id":4969,"date":"2025-08-27T14:35:46","date_gmt":"2025-08-27T14:35:46","guid":{"rendered":"https:\/\/asdeliciasdosertao.com.br\/?post_type=product&#038;p=4969"},"modified":"2025-08-27T14:35:49","modified_gmt":"2025-08-27T14:35:49","slug":"farofa-pronta-com-bacon-250g-nobre-sabor","status":"publish","type":"product","link":"https:\/\/asdeliciasdosertao.com.br\/?product=farofa-pronta-com-bacon-250g-nobre-sabor","title":{"rendered":"Farofa Pronta com Bacon 250g &#8211; Nobre Sabor"},"content":{"rendered":"<p>O que \u00e9 a Farofa Pronta com Bacon?<br \/>\nA farofa pronta com bacon \u00e9 um acompanhamento tradicional da culin\u00e1ria brasileira. Com sua textura crocante e sabor marcante, essa del\u00edcia combina perfeitamente com carnes, saladas e at\u00e9 mesmo em pratos vegetarianos.<br \/>\nBenef\u00edcios da Farofa Pronta<br \/>\nAl\u00e9m de ser extremamente saborosa, a farofa pronta com bacon traz praticidade para o seu dia a dia. Basta aquecer e servir, tornando-a uma op\u00e7\u00e3o ideal para refei\u00e7\u00f5es r\u00e1pidas e cheias de sabor.<br \/>\nComo Usar a Farofa Pronta com Bacon<br \/>\nVoc\u00ea pode usar a farofa pronta com bacon em diversas receitas. Desde um simples acompanhamento at\u00e9 o enriquecimento de pratos sofisticados, a farofa \u00e9 vers\u00e1til e agrada a todos os paladares. Experimente e surpreenda-se com o sabor!<\/p>\n","protected":false},"excerpt":{"rendered":"<p>O que \u00e9 a Farofa Pronta com Bacon? A farofa pronta com bacon \u00e9 um acompanhamento tradicional da culin\u00e1ria brasileira. Com sua textura crocante e sabor marcante, essa del\u00edcia combina perfeitamente com carnes, saladas e at\u00e9 mesmo em pratos vegetarianos. Benef\u00edcios da Farofa Pronta Al\u00e9m de ser extremamente saborosa, a farofa pronta com bacon traz [&hellip;]<\/p>\n","protected":false},"featured_media":1972,"comment_status":"open","ping_status":"closed","template":"","meta":[],"product_brand":[],"product_cat":[337],"product_tag":[],"class_list":{"0":"post-4969","1":"product","2":"type-product","3":"status-publish","4":"has-post-thumbnail","6":"product_cat-produtos-regionais","8":"first","9":"instock","10":"shipping-taxable","11":"purchasable","12":"product-type-simple"},"_links":{"self":[{"href":"https:\/\/asdeliciasdosertao.com.br\/index.php?rest_route=\/wp\/v2\/product\/4969","targetHints":{"allow":["GET"]}}],"collection":[{"href":"https:\/\/asdeliciasdosertao.com.br\/index.php?rest_route=\/wp\/v2\/product"}],"about":[{"href":"https:\/\/asdeliciasdosertao.com.br\/index.php?rest_route=\/wp\/v2\/types\/product"}],"replies":[{"embeddable":true,"href":"https:\/\/asdeliciasdosertao.com.br\/index.php?rest_route=%2Fwp%2Fv2%2Fcomments&post=4969"}],"wp:featuredmedia":[{"embeddable":true,"href":"https:\/\/asdeliciasdosertao.com.br\/index.php?rest_route=\/wp\/v2\/media\/1972"}],"wp:attachment":[{"href":"https:\/\/asdeliciasdosertao.com.br\/index.php?rest_route=%2Fwp%2Fv2%2Fmedia&parent=4969"}],"wp:term":[{"taxonomy":"product_brand","embeddable":true,"href":"https:\/\/asdeliciasdosertao.com.br\/index.php?rest_route=%2Fwp%2Fv2%2Fproduct_brand&post=4969"},{"taxonomy":"product_cat","embeddable":true,"href":"https:\/\/asdeliciasdosertao.com.br\/index.php?rest_route=%2Fwp%2Fv2%2Fproduct_cat&post=4969"},{"taxonomy":"product_tag","embeddable":true,"href":"https:\/\/asdeliciasdosertao.com.br\/index.php?rest_route=%2Fwp%2Fv2%2Fproduct_tag&post=4969"}],"curies":[{"name":"wp","href":"https:\/\/api.w.org\/{rel}","templated":true}]}}