{"id":4964,"date":"2025-08-27T14:35:46","date_gmt":"2025-08-27T14:35:46","guid":{"rendered":"https:\/\/asdeliciasdosertao.com.br\/?post_type=product&#038;p=4964"},"modified":"2025-10-06T22:10:33","modified_gmt":"2025-10-06T22:10:33","slug":"creme-de-milho-vermelho-fuba-tabajara","status":"publish","type":"product","link":"https:\/\/asdeliciasdosertao.com.br\/?product=creme-de-milho-vermelho-fuba-tabajara","title":{"rendered":"Creme de Milho Vermelho &#8211; Fub\u00e1 Tabajara"},"content":{"rendered":"<p>Conhe\u00e7a o Produto<br \/>\nCreme de milho Tabajara &#8211; O melhor do Brasil &#8211; Livre de Transg\u00eanico\u00a0<\/p>\n<p>Pacote com 450g<\/p>\n<p>Experimente a maravilha dourada que \u00e9 o Fub\u00e1 de Milho Tabajara e transporte-se para uma jornada culin\u00e1ria repleta de sabores e benef\u00edcios!<\/p>\n<p>O Fub\u00e1 de Milho Tabajara \u00e9 produzido com os melhores gr\u00e3os de milho selecionados, cultivados com cuidado e colhidos no ponto perfeito de matura\u00e7\u00e3o. Com seu processo de moagem especial, ele se transforma em uma farinha fina e delicada, pronta para elevar suas receitas a um patamar superior.<\/p>\n<p>Descubra o sabor aut\u00eantico do milho em cada colherada. O Fub\u00e1 de Milho Tabajara traz uma textura suave e um aroma irresist\u00edvel, capaz de despertar mem\u00f3rias de inf\u00e2ncia e aconchego. Seja para preparar uma tradicional polenta cremosa, um bolo caseiro de milho ou uma irresist\u00edvel pamonha, essa vers\u00e1til iguaria ir\u00e1 encantar seu paladar e o de todos ao seu redor.<\/p>\n<p>Al\u00e9m do sabor incompar\u00e1vel, o Fub\u00e1 de Milho Tabajara traz uma s\u00e9rie de benef\u00edcios para a sua sa\u00fade. Rico em fibras, vitaminas e minerais essenciais, ele contribui para o bom funcionamento do sistema digestivo e auxilia na manuten\u00e7\u00e3o de uma dieta equilibrada. A inclus\u00e3o do Fub\u00e1 de Milho Tabajara em sua alimenta\u00e7\u00e3o pode promover uma sensa\u00e7\u00e3o de saciedade, controlando o apetite e auxiliando no processo de perda de peso.<\/p>\n<p>N\u00e3o perca a oportunidade de explorar todo o potencial culin\u00e1rio do Fub\u00e1 de Milho Tabajara. Surpreenda-se com suas propriedades nutritivas e adicione um toque especial \u00e0s suas refei\u00e7\u00f5es. Seja voc\u00ea um cozinheiro experiente ou algu\u00e9m que est\u00e1 come\u00e7ando a se aventurar na cozinha, o Fub\u00e1 de Milho Tabajara \u00e9 o seu ingrediente secreto para o sucesso.<\/p>\n","protected":false},"excerpt":{"rendered":"<p dir=\"ltr\" data-pm-slice=\"1 1 []\">Fub\u00e1 Tabajara: Creme de milho vermelho Fub\u00e1 Tabajara, perfeito para cuscuz e receitas. Sem gl\u00faten, natural.<\/p>\n","protected":false},"featured_media":1952,"comment_status":"open","ping_status":"closed","template":"","meta":[],"product_brand":[247],"product_cat":[337],"product_tag":[243,201,248,193,206,173,191],"class_list":{"0":"post-4964","1":"product","2":"type-product","3":"status-publish","4":"has-post-thumbnail","6":"product_brand-tabajara","7":"product_cat-produtos-regionais","8":"product_tag-creme-de-milho","9":"product_tag-cuscuz","10":"product_tag-fuba-tabajara","11":"product_tag-nordestino","12":"product_tag-receitas","13":"product_tag-sem-gluten","14":"product_tag-vermelho","16":"first","17":"instock","18":"sale","19":"shipping-taxable","20":"purchasable","21":"product-type-simple"},"_links":{"self":[{"href":"https:\/\/asdeliciasdosertao.com.br\/index.php?rest_route=\/wp\/v2\/product\/4964","targetHints":{"allow":["GET"]}}],"collection":[{"href":"https:\/\/asdeliciasdosertao.com.br\/index.php?rest_route=\/wp\/v2\/product"}],"about":[{"href":"https:\/\/asdeliciasdosertao.com.br\/index.php?rest_route=\/wp\/v2\/types\/product"}],"replies":[{"embeddable":true,"href":"https:\/\/asdeliciasdosertao.com.br\/index.php?rest_route=%2Fwp%2Fv2%2Fcomments&post=4964"}],"wp:featuredmedia":[{"embeddable":true,"href":"https:\/\/asdeliciasdosertao.com.br\/index.php?rest_route=\/wp\/v2\/media\/1952"}],"wp:attachment":[{"href":"https:\/\/asdeliciasdosertao.com.br\/index.php?rest_route=%2Fwp%2Fv2%2Fmedia&parent=4964"}],"wp:term":[{"taxonomy":"product_brand","embeddable":true,"href":"https:\/\/asdeliciasdosertao.com.br\/index.php?rest_route=%2Fwp%2Fv2%2Fproduct_brand&post=4964"},{"taxonomy":"product_cat","embeddable":true,"href":"https:\/\/asdeliciasdosertao.com.br\/index.php?rest_route=%2Fwp%2Fv2%2Fproduct_cat&post=4964"},{"taxonomy":"product_tag","embeddable":true,"href":"https:\/\/asdeliciasdosertao.com.br\/index.php?rest_route=%2Fwp%2Fv2%2Fproduct_tag&post=4964"}],"curies":[{"name":"wp","href":"https:\/\/api.w.org\/{rel}","templated":true}]}}