{"id":4960,"date":"2025-08-27T14:35:46","date_gmt":"2025-08-27T14:35:46","guid":{"rendered":"https:\/\/asdeliciasdosertao.com.br\/?post_type=product&#038;p=4960"},"modified":"2025-08-27T14:35:48","modified_gmt":"2025-08-27T14:35:48","slug":"oleo-de-andiroba-20ml","status":"publish","type":"product","link":"https:\/\/asdeliciasdosertao.com.br\/?product=oleo-de-andiroba-20ml","title":{"rendered":"\u00d3leo de Andiroba &#8211; 20ml"},"content":{"rendered":"<p>O Que \u00e9 o \u00d3leo de Andiroba?<br \/>\nO \u00f3leo de andiroba \u00e9 um produto natural extra\u00eddo das sementes da \u00e1rvore Andiroba, encontrada na Amaz\u00f4nia. Conhecido por suas propriedades medicinais e cosm\u00e9ticas, esse \u00f3leo tem ganhado destaque no mercado.<br \/>\nPropriedades e Usos<br \/>\nRico em \u00e1cidos graxos e compostos anti-inflamat\u00f3rios, o \u00f3leo de andiroba \u00e9 amplamente utilizado em tratamentos para a pele e o cabelo. Sua capacidade de hidratar e regenerar tecidos torna-o ideal para combater secura, acne e mesmo picadas de insetos.<br \/>\nComo Aplicar Este \u00d3leo<br \/>\nPara usufruir dos benef\u00edcios do \u00f3leo de andiroba, aplique diretamente sobre a pele ou misture com outros \u00f3leos vegetais. Pode ser incorporado tamb\u00e9m a cremes e lo\u00e7\u00f5es para potencializar suas propriedades.<\/p>\n","protected":false},"excerpt":{"rendered":"<p dir=\"ltr\" data-pm-slice=\"1 1 []\">\u00d3leo de andiroba 20ml, anti-inflamat\u00f3rio natural. Ideal para massagens e pele.<\/p>\n","protected":false},"featured_media":1918,"comment_status":"open","ping_status":"closed","template":"","meta":[],"product_brand":[255],"product_cat":[337],"product_tag":[257,259,258,172,256],"class_list":{"0":"post-4960","1":"product","2":"type-product","3":"status-publish","4":"has-post-thumbnail","6":"product_brand-sementes-da-amazonia","7":"product_cat-produtos-regionais","8":"product_tag-anti-inflamatorio","9":"product_tag-cuidados-com-a-pele","10":"product_tag-massagem","11":"product_tag-natural","12":"product_tag-oleo-de-andiroba","14":"first","15":"instock","16":"shipping-taxable","17":"purchasable","18":"product-type-simple"},"_links":{"self":[{"href":"https:\/\/asdeliciasdosertao.com.br\/index.php?rest_route=\/wp\/v2\/product\/4960","targetHints":{"allow":["GET"]}}],"collection":[{"href":"https:\/\/asdeliciasdosertao.com.br\/index.php?rest_route=\/wp\/v2\/product"}],"about":[{"href":"https:\/\/asdeliciasdosertao.com.br\/index.php?rest_route=\/wp\/v2\/types\/product"}],"replies":[{"embeddable":true,"href":"https:\/\/asdeliciasdosertao.com.br\/index.php?rest_route=%2Fwp%2Fv2%2Fcomments&post=4960"}],"wp:featuredmedia":[{"embeddable":true,"href":"https:\/\/asdeliciasdosertao.com.br\/index.php?rest_route=\/wp\/v2\/media\/1918"}],"wp:attachment":[{"href":"https:\/\/asdeliciasdosertao.com.br\/index.php?rest_route=%2Fwp%2Fv2%2Fmedia&parent=4960"}],"wp:term":[{"taxonomy":"product_brand","embeddable":true,"href":"https:\/\/asdeliciasdosertao.com.br\/index.php?rest_route=%2Fwp%2Fv2%2Fproduct_brand&post=4960"},{"taxonomy":"product_cat","embeddable":true,"href":"https:\/\/asdeliciasdosertao.com.br\/index.php?rest_route=%2Fwp%2Fv2%2Fproduct_cat&post=4960"},{"taxonomy":"product_tag","embeddable":true,"href":"https:\/\/asdeliciasdosertao.com.br\/index.php?rest_route=%2Fwp%2Fv2%2Fproduct_tag&post=4960"}],"curies":[{"name":"wp","href":"https:\/\/api.w.org\/{rel}","templated":true}]}}