{"id":4959,"date":"2025-08-27T14:35:46","date_gmt":"2025-08-27T14:35:46","guid":{"rendered":"https:\/\/asdeliciasdosertao.com.br\/?post_type=product&#038;p=4959"},"modified":"2025-08-27T14:35:47","modified_gmt":"2025-08-27T14:35:47","slug":"infinity-12-capsulas-500mg","status":"publish","type":"product","link":"https:\/\/asdeliciasdosertao.com.br\/?product=infinity-12-capsulas-500mg","title":{"rendered":"Infinity 12 &#8211; C\u00e1psulas 500mg"},"content":{"rendered":"<p>Para que serve o Infinity 12?<br \/>\nProduto natural a base de ervas para articula\u00e7\u00e3o e coluna, melhorando o bem estar e a disposi\u00e7\u00e3o sem efeitos colaterais. Dores do Joelho, Costas, Coluna e Quadril Dores Musculares, Fibromialgia e Nervo Ci\u00e1tico Dores Articulares chikungunya Bursite, H\u00e9rnia de Disco Tendinite, Inflama\u00e7\u00f5es Artrite e Artrose.<br \/>\nC\u00e1lcio de Ostra<br \/>\nO C\u00e1lcio de Ostras \u00e9 um suplemento vitam\u00ednico mineral que possui a seguinte composi\u00e7\u00e3o: c\u00e1lcio extra\u00eddo de concha de ostra, zinco, magn\u00e9sio e vitamina D, os quais desempenham um papel importante no desenvolvimento e manuten\u00e7\u00e3o dos ossos e tecidos calcificados, entre outras fun\u00e7\u00f5es no organismo. Indicada para o tratamento de osteoporose.<br \/>\nDolomita<br \/>\nDolomita \u00e9 um mineral de carbonato de c\u00e1lcio e magn\u00e9sio que possui diversas propriedades medicinais. Vale ressaltar que o c\u00e1lcio e o magn\u00e9sio s\u00e3o minerais essenciais para o bom funcionamento do organismo. Juntos, eles fortalecem ossos e dentes, mant\u00eam o equil\u00edbrio do pH sangu\u00edneo, ajudam no funcionamento do cora\u00e7\u00e3o, transmitem impulsos nervosos e auxiliam na absor\u00e7\u00e3o de prote\u00ednas.<br \/>\nCanela de Velho<br \/>\n\u00c9 uma planta medicinal usada para combater algumas doen\u00e7as e aliviar dores. Ela possui propriedades analg\u00e9sicas, anti-inflamat\u00f3rias, antioxidantes, antitumorais, hepatoprotetoras e t\u00f4nica digestiva.<br \/>\nCastanha da \u00cdndia<br \/>\nA castanha da \u00edndia \u00e9 uma oleaginosa que possui propriedades anti-inflamat\u00f3rias, anti-hemorroidal e vasoconstritoras, sendo por isso muito utilizada no tratamento de hemorroidas e de problemas de circula\u00e7\u00e3o, como insufici\u00eancia venosa e varizes.<br \/>\nChap\u00e9u de Couro<br \/>\nO chap\u00e9u-de-couro \u00e9 usado na medicina popular principalmente devido \u00e0 abund\u00e2ncia de minerais e antioxidantes. A princ\u00edpio, a folha da planta \u00e9 conhecida por sua a\u00e7\u00e3o diur\u00e9tica, anti-inflamat\u00f3ria, antirreum\u00e1tica, adstringente, diur\u00e9tica, antiartr\u00edtica, anti-hipertensora e laxante.<\/p>\n<p> Modo de consumo: 1 c\u00e1psula a cada 3 dias<\/p>\n","protected":false},"excerpt":{"rendered":"<p dir=\"ltr\" data-pm-slice=\"1 1 []\">Infinity 12 c\u00e1psulas 500mg, suplemento para energia e disposi\u00e7\u00e3o. 100% natural.<\/p>\n","protected":false},"featured_media":1914,"comment_status":"open","ping_status":"closed","template":"","meta":[],"product_brand":[260],"product_cat":[339],"product_tag":[265,264,263,261,172,262],"class_list":{"0":"post-4959","1":"product","2":"type-product","3":"status-publish","4":"has-post-thumbnail","6":"product_brand-infinity-life","7":"product_cat-saude-bem-estar","8":"product_tag-capsulas","9":"product_tag-disposicao","10":"product_tag-energia","11":"product_tag-infinity-12","12":"product_tag-natural","13":"product_tag-suplemento","15":"first","16":"instock","17":"shipping-taxable","18":"purchasable","19":"product-type-simple"},"_links":{"self":[{"href":"https:\/\/asdeliciasdosertao.com.br\/index.php?rest_route=\/wp\/v2\/product\/4959","targetHints":{"allow":["GET"]}}],"collection":[{"href":"https:\/\/asdeliciasdosertao.com.br\/index.php?rest_route=\/wp\/v2\/product"}],"about":[{"href":"https:\/\/asdeliciasdosertao.com.br\/index.php?rest_route=\/wp\/v2\/types\/product"}],"replies":[{"embeddable":true,"href":"https:\/\/asdeliciasdosertao.com.br\/index.php?rest_route=%2Fwp%2Fv2%2Fcomments&post=4959"}],"wp:featuredmedia":[{"embeddable":true,"href":"https:\/\/asdeliciasdosertao.com.br\/index.php?rest_route=\/wp\/v2\/media\/1914"}],"wp:attachment":[{"href":"https:\/\/asdeliciasdosertao.com.br\/index.php?rest_route=%2Fwp%2Fv2%2Fmedia&parent=4959"}],"wp:term":[{"taxonomy":"product_brand","embeddable":true,"href":"https:\/\/asdeliciasdosertao.com.br\/index.php?rest_route=%2Fwp%2Fv2%2Fproduct_brand&post=4959"},{"taxonomy":"product_cat","embeddable":true,"href":"https:\/\/asdeliciasdosertao.com.br\/index.php?rest_route=%2Fwp%2Fv2%2Fproduct_cat&post=4959"},{"taxonomy":"product_tag","embeddable":true,"href":"https:\/\/asdeliciasdosertao.com.br\/index.php?rest_route=%2Fwp%2Fv2%2Fproduct_tag&post=4959"}],"curies":[{"name":"wp","href":"https:\/\/api.w.org\/{rel}","templated":true}]}}