{"id":4958,"date":"2025-08-27T14:35:46","date_gmt":"2025-08-27T14:35:46","guid":{"rendered":"https:\/\/asdeliciasdosertao.com.br\/?post_type=product&#038;p=4958"},"modified":"2025-08-27T14:35:47","modified_gmt":"2025-08-27T14:35:47","slug":"gotas-de-erva-baleeira","status":"publish","type":"product","link":"https:\/\/asdeliciasdosertao.com.br\/?product=gotas-de-erva-baleeira","title":{"rendered":"Gotas de Erva Baleeira"},"content":{"rendered":"<p>O que s\u00e3o as gotas de erva baleeira?<br \/>\nAs gotas de erva baleeira s\u00e3o um extrato concentrado desta planta medicinal, amplamente utilizada na cultura popular para tratar diversas condi\u00e7\u00f5es de sa\u00fade. Com propriedades anti-inflamat\u00f3rias e analg\u00e9sicas, as gotas s\u00e3o particularmente reconhecidas por seus efeitos ben\u00e9ficos nas articula\u00e7\u00f5es e m\u00fasculos.<br \/>\nComo utilizar as gotas de erva baleeira?<br \/>\nEssas gotas podem ser administradas diretamente na boca ou dilu\u00eddas em \u00e1gua. Recomenda-se seguir as orienta\u00e7\u00f5es de um profissional de sa\u00fade para dosagens adequadas e garantir a efic\u00e1cia do tratamento.<br \/>\nBenef\u00edcios das gotas de erva baleeira<br \/>\nAl\u00e9m de aliviar dores, as gotas de erva baleeira tamb\u00e9m ajudam na recupera\u00e7\u00e3o de les\u00f5es e promovem o bem-estar geral. Esse produto natural \u00e9 uma excelente op\u00e7\u00e3o para quem busca alternativas mais saud\u00e1veis para aliviar desconfortos no dia a dia.<\/p>\n","protected":false},"excerpt":{"rendered":"<p>O que s\u00e3o as gotas de erva baleeira? As gotas de erva baleeira s\u00e3o um extrato concentrado desta planta medicinal, amplamente utilizada na cultura popular para tratar diversas condi\u00e7\u00f5es de sa\u00fade. Com propriedades anti-inflamat\u00f3rias e analg\u00e9sicas, as gotas s\u00e3o particularmente reconhecidas por seus efeitos ben\u00e9ficos nas articula\u00e7\u00f5es e m\u00fasculos. Como utilizar as gotas de erva [&hellip;]<\/p>\n","protected":false},"featured_media":1911,"comment_status":"open","ping_status":"closed","template":"","meta":[],"product_brand":[],"product_cat":[337],"product_tag":[],"class_list":{"0":"post-4958","1":"product","2":"type-product","3":"status-publish","4":"has-post-thumbnail","6":"product_cat-produtos-regionais","8":"first","9":"instock","10":"shipping-taxable","11":"purchasable","12":"product-type-simple"},"_links":{"self":[{"href":"https:\/\/asdeliciasdosertao.com.br\/index.php?rest_route=\/wp\/v2\/product\/4958","targetHints":{"allow":["GET"]}}],"collection":[{"href":"https:\/\/asdeliciasdosertao.com.br\/index.php?rest_route=\/wp\/v2\/product"}],"about":[{"href":"https:\/\/asdeliciasdosertao.com.br\/index.php?rest_route=\/wp\/v2\/types\/product"}],"replies":[{"embeddable":true,"href":"https:\/\/asdeliciasdosertao.com.br\/index.php?rest_route=%2Fwp%2Fv2%2Fcomments&post=4958"}],"wp:featuredmedia":[{"embeddable":true,"href":"https:\/\/asdeliciasdosertao.com.br\/index.php?rest_route=\/wp\/v2\/media\/1911"}],"wp:attachment":[{"href":"https:\/\/asdeliciasdosertao.com.br\/index.php?rest_route=%2Fwp%2Fv2%2Fmedia&parent=4958"}],"wp:term":[{"taxonomy":"product_brand","embeddable":true,"href":"https:\/\/asdeliciasdosertao.com.br\/index.php?rest_route=%2Fwp%2Fv2%2Fproduct_brand&post=4958"},{"taxonomy":"product_cat","embeddable":true,"href":"https:\/\/asdeliciasdosertao.com.br\/index.php?rest_route=%2Fwp%2Fv2%2Fproduct_cat&post=4958"},{"taxonomy":"product_tag","embeddable":true,"href":"https:\/\/asdeliciasdosertao.com.br\/index.php?rest_route=%2Fwp%2Fv2%2Fproduct_tag&post=4958"}],"curies":[{"name":"wp","href":"https:\/\/api.w.org\/{rel}","templated":true}]}}