{"id":4956,"date":"2025-08-27T14:35:45","date_gmt":"2025-08-27T14:35:45","guid":{"rendered":"https:\/\/asdeliciasdosertao.com.br\/?post_type=product&#038;p=4956"},"modified":"2025-08-27T14:35:47","modified_gmt":"2025-08-27T14:35:47","slug":"gotas-de-amora-100ml","status":"publish","type":"product","link":"https:\/\/asdeliciasdosertao.com.br\/?product=gotas-de-amora-100ml","title":{"rendered":"Gotas de Amora &#8211; 100ml"},"content":{"rendered":"<p>O que s\u00e3o Gotas de Amora?<br \/>\nAs gotas de amora s\u00e3o um extrato concentrado derivado dos frutos da amora, reconhecida por suas propriedades nutritivas e medicinais. Usadas tradicionalmente na fitoterapia, essas gotas podem trazer v\u00e1rios benef\u00edcios \u00e0 sa\u00fade.<br \/>\nBenef\u00edcios das Gotas de Amora<br \/>\nEntre os principais benef\u00edcios das gotas de amora, destacam-se a melhora da digest\u00e3o, o fortalecimento do sistema imunol\u00f3gico e a a\u00e7\u00e3o antioxidante. Esses efeitos s\u00e3o atribu\u00eddos aos compostos naturais presentes na amora, que ajudam a proteger as c\u00e9lulas do corpo.<br \/>\nComo Usar Gotas de Amora<br \/>\nAs gotas de amora podem ser consumidas diretamente ou dilu\u00eddas em \u00e1gua. A dose recomendada pode variar, por isso \u00e9 aconselhado seguir orienta\u00e7\u00f5es de um profissional de sa\u00fade para obter os melhores resultados.<\/p>\n","protected":false},"excerpt":{"rendered":"<p>O que s\u00e3o Gotas de Amora? As gotas de amora s\u00e3o um extrato concentrado derivado dos frutos da amora, reconhecida por suas propriedades nutritivas e medicinais. Usadas tradicionalmente na fitoterapia, essas gotas podem trazer v\u00e1rios benef\u00edcios \u00e0 sa\u00fade. Benef\u00edcios das Gotas de Amora Entre os principais benef\u00edcios das gotas de amora, destacam-se a melhora da [&hellip;]<\/p>\n","protected":false},"featured_media":1896,"comment_status":"open","ping_status":"closed","template":"","meta":[],"product_brand":[],"product_cat":[337],"product_tag":[],"class_list":{"0":"post-4956","1":"product","2":"type-product","3":"status-publish","4":"has-post-thumbnail","6":"product_cat-produtos-regionais","8":"first","9":"instock","10":"shipping-taxable","11":"purchasable","12":"product-type-simple"},"_links":{"self":[{"href":"https:\/\/asdeliciasdosertao.com.br\/index.php?rest_route=\/wp\/v2\/product\/4956","targetHints":{"allow":["GET"]}}],"collection":[{"href":"https:\/\/asdeliciasdosertao.com.br\/index.php?rest_route=\/wp\/v2\/product"}],"about":[{"href":"https:\/\/asdeliciasdosertao.com.br\/index.php?rest_route=\/wp\/v2\/types\/product"}],"replies":[{"embeddable":true,"href":"https:\/\/asdeliciasdosertao.com.br\/index.php?rest_route=%2Fwp%2Fv2%2Fcomments&post=4956"}],"wp:featuredmedia":[{"embeddable":true,"href":"https:\/\/asdeliciasdosertao.com.br\/index.php?rest_route=\/wp\/v2\/media\/1896"}],"wp:attachment":[{"href":"https:\/\/asdeliciasdosertao.com.br\/index.php?rest_route=%2Fwp%2Fv2%2Fmedia&parent=4956"}],"wp:term":[{"taxonomy":"product_brand","embeddable":true,"href":"https:\/\/asdeliciasdosertao.com.br\/index.php?rest_route=%2Fwp%2Fv2%2Fproduct_brand&post=4956"},{"taxonomy":"product_cat","embeddable":true,"href":"https:\/\/asdeliciasdosertao.com.br\/index.php?rest_route=%2Fwp%2Fv2%2Fproduct_cat&post=4956"},{"taxonomy":"product_tag","embeddable":true,"href":"https:\/\/asdeliciasdosertao.com.br\/index.php?rest_route=%2Fwp%2Fv2%2Fproduct_tag&post=4956"}],"curies":[{"name":"wp","href":"https:\/\/api.w.org\/{rel}","templated":true}]}}