{"id":4955,"date":"2025-08-27T14:35:45","date_gmt":"2025-08-27T14:35:45","guid":{"rendered":"https:\/\/asdeliciasdosertao.com.br\/?post_type=product&#038;p=4955"},"modified":"2025-08-27T14:35:47","modified_gmt":"2025-08-27T14:35:47","slug":"gotas-seca-barriga-100ml","status":"publish","type":"product","link":"https:\/\/asdeliciasdosertao.com.br\/?product=gotas-seca-barriga-100ml","title":{"rendered":"Gotas Seca Barriga &#8211; 100ml"},"content":{"rendered":"<p>Para que serve Gotas Seca Barriga?<br \/>\nAuxilia no combate a obesidade, gordura localizada, celulite, estrias, ansiedade, colesterol, diabetes, \u00e1cido \u00farico, inflama\u00e7\u00e3o na bexiga, press\u00e3o alta, ins\u00f4nia, pris\u00e3o de ventre e varizes, alguns tipos de c\u00e2ncer, doen\u00e7as do sistema card\u00edaco, arteriosclerose e na diminui\u00e7\u00e3o dos radicais livres respons\u00e1veis pelo envelhecimento precoce.<br \/>\nQueima gordura localizada, cont\u00e9m inibidor de apetite e \u00e9 regulador intestinal.<br \/>\nModo de usar:<br \/>\nTomar 20 gotas em um copo de \u00e1gua ap\u00f3s as refei\u00e7\u00f5es, e a noite ao deitar.<\/p>\n","protected":false},"excerpt":{"rendered":"<p>Para que serve Gotas Seca Barriga? Auxilia no combate a obesidade, gordura localizada, celulite, estrias, ansiedade, colesterol, diabetes, \u00e1cido \u00farico, inflama\u00e7\u00e3o na bexiga, press\u00e3o alta, ins\u00f4nia, pris\u00e3o de ventre e varizes, alguns tipos de c\u00e2ncer, doen\u00e7as do sistema card\u00edaco, arteriosclerose e na diminui\u00e7\u00e3o dos radicais livres respons\u00e1veis pelo envelhecimento precoce. Queima gordura localizada, cont\u00e9m inibidor [&hellip;]<\/p>\n","protected":false},"featured_media":1891,"comment_status":"open","ping_status":"closed","template":"","meta":[],"product_brand":[],"product_cat":[337],"product_tag":[],"class_list":{"0":"post-4955","1":"product","2":"type-product","3":"status-publish","4":"has-post-thumbnail","6":"product_cat-produtos-regionais","8":"first","9":"instock","10":"shipping-taxable","11":"purchasable","12":"product-type-simple"},"_links":{"self":[{"href":"https:\/\/asdeliciasdosertao.com.br\/index.php?rest_route=\/wp\/v2\/product\/4955","targetHints":{"allow":["GET"]}}],"collection":[{"href":"https:\/\/asdeliciasdosertao.com.br\/index.php?rest_route=\/wp\/v2\/product"}],"about":[{"href":"https:\/\/asdeliciasdosertao.com.br\/index.php?rest_route=\/wp\/v2\/types\/product"}],"replies":[{"embeddable":true,"href":"https:\/\/asdeliciasdosertao.com.br\/index.php?rest_route=%2Fwp%2Fv2%2Fcomments&post=4955"}],"wp:featuredmedia":[{"embeddable":true,"href":"https:\/\/asdeliciasdosertao.com.br\/index.php?rest_route=\/wp\/v2\/media\/1891"}],"wp:attachment":[{"href":"https:\/\/asdeliciasdosertao.com.br\/index.php?rest_route=%2Fwp%2Fv2%2Fmedia&parent=4955"}],"wp:term":[{"taxonomy":"product_brand","embeddable":true,"href":"https:\/\/asdeliciasdosertao.com.br\/index.php?rest_route=%2Fwp%2Fv2%2Fproduct_brand&post=4955"},{"taxonomy":"product_cat","embeddable":true,"href":"https:\/\/asdeliciasdosertao.com.br\/index.php?rest_route=%2Fwp%2Fv2%2Fproduct_cat&post=4955"},{"taxonomy":"product_tag","embeddable":true,"href":"https:\/\/asdeliciasdosertao.com.br\/index.php?rest_route=%2Fwp%2Fv2%2Fproduct_tag&post=4955"}],"curies":[{"name":"wp","href":"https:\/\/api.w.org\/{rel}","templated":true}]}}