{"id":4953,"date":"2025-08-27T14:35:45","date_gmt":"2025-08-27T14:35:45","guid":{"rendered":"https:\/\/asdeliciasdosertao.com.br\/?post_type=product&#038;p=4953"},"modified":"2025-08-27T14:35:47","modified_gmt":"2025-08-27T14:35:47","slug":"oleo-de-ricino-20ml","status":"publish","type":"product","link":"https:\/\/asdeliciasdosertao.com.br\/?product=oleo-de-ricino-20ml","title":{"rendered":"\u00d3leo de R\u00edcino &#8211; 20ml"},"content":{"rendered":"<p>O que \u00e9 o \u00d3leo de R\u00edcino?<br \/>\nO \u00f3leo de r\u00edcino \u00e9 um \u00f3leo vegetal extra\u00eddo das sementes da planta Ricinus communis. \u00c9 amplamente utilizado em cosm\u00e9ticos e na medicina popular devido \u00e0s suas propriedades hidratantes e anti-inflamat\u00f3rias.<br \/>\nPropriedades do \u00d3leo de R\u00edcino<br \/>\nEsse \u00f3leo \u00e9 rico em \u00e1cidos graxos, especialmente o \u00e1cido ricinoleico, que promove a sa\u00fade da pele e dos cabelos. A aplica\u00e7\u00e3o do \u00f3leo de r\u00edcino pode ajudar a tratar condi\u00e7\u00f5es como a pele seca e irrita\u00e7\u00f5es.<br \/>\nComo Usar o \u00d3leo de R\u00edcino<br \/>\nVoc\u00ea pode aplicar o \u00f3leo de r\u00edcino diretamente sobre a pele ou cabelo. Para melhores resultados, deixe agir por algumas horas antes de enxaguar. A versatilidade do \u00f3leo torna-o uma excelente adi\u00e7\u00e3o \u00e0 sua rotina de cuidados pessoais.<\/p>\n","protected":false},"excerpt":{"rendered":"<p>O que \u00e9 o \u00d3leo de R\u00edcino? O \u00f3leo de r\u00edcino \u00e9 um \u00f3leo vegetal extra\u00eddo das sementes da planta Ricinus communis. \u00c9 amplamente utilizado em cosm\u00e9ticos e na medicina popular devido \u00e0s suas propriedades hidratantes e anti-inflamat\u00f3rias. Propriedades do \u00d3leo de R\u00edcino Esse \u00f3leo \u00e9 rico em \u00e1cidos graxos, especialmente o \u00e1cido ricinoleico, que [&hellip;]<\/p>\n","protected":false},"featured_media":1880,"comment_status":"open","ping_status":"closed","template":"","meta":[],"product_brand":[],"product_cat":[337],"product_tag":[],"class_list":{"0":"post-4953","1":"product","2":"type-product","3":"status-publish","4":"has-post-thumbnail","6":"product_cat-produtos-regionais","8":"first","9":"instock","10":"shipping-taxable","11":"purchasable","12":"product-type-simple"},"_links":{"self":[{"href":"https:\/\/asdeliciasdosertao.com.br\/index.php?rest_route=\/wp\/v2\/product\/4953","targetHints":{"allow":["GET"]}}],"collection":[{"href":"https:\/\/asdeliciasdosertao.com.br\/index.php?rest_route=\/wp\/v2\/product"}],"about":[{"href":"https:\/\/asdeliciasdosertao.com.br\/index.php?rest_route=\/wp\/v2\/types\/product"}],"replies":[{"embeddable":true,"href":"https:\/\/asdeliciasdosertao.com.br\/index.php?rest_route=%2Fwp%2Fv2%2Fcomments&post=4953"}],"wp:featuredmedia":[{"embeddable":true,"href":"https:\/\/asdeliciasdosertao.com.br\/index.php?rest_route=\/wp\/v2\/media\/1880"}],"wp:attachment":[{"href":"https:\/\/asdeliciasdosertao.com.br\/index.php?rest_route=%2Fwp%2Fv2%2Fmedia&parent=4953"}],"wp:term":[{"taxonomy":"product_brand","embeddable":true,"href":"https:\/\/asdeliciasdosertao.com.br\/index.php?rest_route=%2Fwp%2Fv2%2Fproduct_brand&post=4953"},{"taxonomy":"product_cat","embeddable":true,"href":"https:\/\/asdeliciasdosertao.com.br\/index.php?rest_route=%2Fwp%2Fv2%2Fproduct_cat&post=4953"},{"taxonomy":"product_tag","embeddable":true,"href":"https:\/\/asdeliciasdosertao.com.br\/index.php?rest_route=%2Fwp%2Fv2%2Fproduct_tag&post=4953"}],"curies":[{"name":"wp","href":"https:\/\/api.w.org\/{rel}","templated":true}]}}