{"id":4952,"date":"2025-08-27T14:35:45","date_gmt":"2025-08-27T14:35:45","guid":{"rendered":"https:\/\/asdeliciasdosertao.com.br\/?post_type=product&#038;p=4952"},"modified":"2025-08-27T14:35:47","modified_gmt":"2025-08-27T14:35:47","slug":"oleo-de-girasol-20ml","status":"publish","type":"product","link":"https:\/\/asdeliciasdosertao.com.br\/?product=oleo-de-girasol-20ml","title":{"rendered":"\u00d3leo de Girasol &#8211; 20ml"},"content":{"rendered":"<p>Benef\u00edcios Nutricionais<br \/>\nEste \u00f3leo \u00e9 rico em \u00e1cidos graxos insaturados, especialmente o \u00e1cido linoleico, que pode ajudar a reduzir o colesterol ruim. Al\u00e9m disso, cont\u00e9m vitamina E, um potente antioxidante que contribui para a sa\u00fade da pele e do cora\u00e7\u00e3o.<br \/>\nO que \u00e9 o \u00d3leo de Girassol?<br \/>\nO \u00f3leo de girassol \u00e9 um \u00f3leo vegetal extra\u00eddo das sementes do girassol. Ele \u00e9 amplamente utilizado na culin\u00e1ria, tanto para fritar quanto para temperar saladas. Sua versatilidade o torna um elemento essencial na gastronomia moderna.<br \/>\nUsos do \u00d3leo de Girassol<br \/>\nAl\u00e9m de seu uso na cozinha, o \u00f3leo de girassol \u00e9 empregado em produtos cosm\u00e9ticos, como lo\u00e7\u00f5es e cremes. Sua leveza e capacidade de absor\u00e7\u00e3o fazem dele uma excelente op\u00e7\u00e3o para quem busca hidrata\u00e7\u00e3o sem deixar a pele oleosa.<\/p>\n","protected":false},"excerpt":{"rendered":"<p>Benef\u00edcios Nutricionais Este \u00f3leo \u00e9 rico em \u00e1cidos graxos insaturados, especialmente o \u00e1cido linoleico, que pode ajudar a reduzir o colesterol ruim. Al\u00e9m disso, cont\u00e9m vitamina E, um potente antioxidante que contribui para a sa\u00fade da pele e do cora\u00e7\u00e3o. O que \u00e9 o \u00d3leo de Girassol? O \u00f3leo de girassol \u00e9 um \u00f3leo vegetal [&hellip;]<\/p>\n","protected":false},"featured_media":1877,"comment_status":"open","ping_status":"closed","template":"","meta":[],"product_brand":[],"product_cat":[337],"product_tag":[],"class_list":{"0":"post-4952","1":"product","2":"type-product","3":"status-publish","4":"has-post-thumbnail","6":"product_cat-produtos-regionais","8":"first","9":"instock","10":"shipping-taxable","11":"purchasable","12":"product-type-simple"},"_links":{"self":[{"href":"https:\/\/asdeliciasdosertao.com.br\/index.php?rest_route=\/wp\/v2\/product\/4952","targetHints":{"allow":["GET"]}}],"collection":[{"href":"https:\/\/asdeliciasdosertao.com.br\/index.php?rest_route=\/wp\/v2\/product"}],"about":[{"href":"https:\/\/asdeliciasdosertao.com.br\/index.php?rest_route=\/wp\/v2\/types\/product"}],"replies":[{"embeddable":true,"href":"https:\/\/asdeliciasdosertao.com.br\/index.php?rest_route=%2Fwp%2Fv2%2Fcomments&post=4952"}],"wp:featuredmedia":[{"embeddable":true,"href":"https:\/\/asdeliciasdosertao.com.br\/index.php?rest_route=\/wp\/v2\/media\/1877"}],"wp:attachment":[{"href":"https:\/\/asdeliciasdosertao.com.br\/index.php?rest_route=%2Fwp%2Fv2%2Fmedia&parent=4952"}],"wp:term":[{"taxonomy":"product_brand","embeddable":true,"href":"https:\/\/asdeliciasdosertao.com.br\/index.php?rest_route=%2Fwp%2Fv2%2Fproduct_brand&post=4952"},{"taxonomy":"product_cat","embeddable":true,"href":"https:\/\/asdeliciasdosertao.com.br\/index.php?rest_route=%2Fwp%2Fv2%2Fproduct_cat&post=4952"},{"taxonomy":"product_tag","embeddable":true,"href":"https:\/\/asdeliciasdosertao.com.br\/index.php?rest_route=%2Fwp%2Fv2%2Fproduct_tag&post=4952"}],"curies":[{"name":"wp","href":"https:\/\/api.w.org\/{rel}","templated":true}]}}