{"id":4950,"date":"2025-08-27T14:35:45","date_gmt":"2025-08-27T14:35:45","guid":{"rendered":"https:\/\/asdeliciasdosertao.com.br\/?post_type=product&#038;p=4950"},"modified":"2025-08-27T14:35:47","modified_gmt":"2025-08-27T14:35:47","slug":"oleo-de-alecrim-20ml","status":"publish","type":"product","link":"https:\/\/asdeliciasdosertao.com.br\/?product=oleo-de-alecrim-20ml","title":{"rendered":"\u00d3leo de Alecrim &#8211; 20ml"},"content":{"rendered":"<p>O que \u00e9 o \u00d3leo de Alecrim?<br \/>\nO \u00f3leo de alecrim \u00e9 um extrato natural obtido a partir das folhas da planta Rosmarinus officinalis. Este \u00f3leo possui diversas propriedades terap\u00eauticas e \u00e9 amplamente utilizado na aromaterapia e em produtos de beleza.<br \/>\nBenef\u00edcios do \u00d3leo de Alecrim<br \/>\nEntre os muitos benef\u00edcios do \u00f3leo de alecrim, destacam-se suas propriedades antioxidantes e anti-inflamat\u00f3rias. Ele pode ajudar na melhora da circula\u00e7\u00e3o sangu\u00ednea, promovendo assim a sa\u00fade capilar e a regenera\u00e7\u00e3o celular.<br \/>\nComo Usar o \u00d3leo de Alecrim<br \/>\nO \u00f3leo de alecrim pode ser utilizado de v\u00e1rias formas, como em massagens, em difusores ou at\u00e9 mesmo em produtos para cabelos e pele. Sua versatilidade torna-o um item essencial para quem busca tratamentos naturais e eficazes.<\/p>\n","protected":false},"excerpt":{"rendered":"<p>O que \u00e9 o \u00d3leo de Alecrim? O \u00f3leo de alecrim \u00e9 um extrato natural obtido a partir das folhas da planta Rosmarinus officinalis. Este \u00f3leo possui diversas propriedades terap\u00eauticas e \u00e9 amplamente utilizado na aromaterapia e em produtos de beleza. Benef\u00edcios do \u00d3leo de Alecrim Entre os muitos benef\u00edcios do \u00f3leo de alecrim, destacam-se [&hellip;]<\/p>\n","protected":false},"featured_media":1871,"comment_status":"open","ping_status":"closed","template":"","meta":[],"product_brand":[],"product_cat":[337],"product_tag":[],"class_list":{"0":"post-4950","1":"product","2":"type-product","3":"status-publish","4":"has-post-thumbnail","6":"product_cat-produtos-regionais","8":"first","9":"instock","10":"shipping-taxable","11":"purchasable","12":"product-type-simple"},"_links":{"self":[{"href":"https:\/\/asdeliciasdosertao.com.br\/index.php?rest_route=\/wp\/v2\/product\/4950","targetHints":{"allow":["GET"]}}],"collection":[{"href":"https:\/\/asdeliciasdosertao.com.br\/index.php?rest_route=\/wp\/v2\/product"}],"about":[{"href":"https:\/\/asdeliciasdosertao.com.br\/index.php?rest_route=\/wp\/v2\/types\/product"}],"replies":[{"embeddable":true,"href":"https:\/\/asdeliciasdosertao.com.br\/index.php?rest_route=%2Fwp%2Fv2%2Fcomments&post=4950"}],"wp:featuredmedia":[{"embeddable":true,"href":"https:\/\/asdeliciasdosertao.com.br\/index.php?rest_route=\/wp\/v2\/media\/1871"}],"wp:attachment":[{"href":"https:\/\/asdeliciasdosertao.com.br\/index.php?rest_route=%2Fwp%2Fv2%2Fmedia&parent=4950"}],"wp:term":[{"taxonomy":"product_brand","embeddable":true,"href":"https:\/\/asdeliciasdosertao.com.br\/index.php?rest_route=%2Fwp%2Fv2%2Fproduct_brand&post=4950"},{"taxonomy":"product_cat","embeddable":true,"href":"https:\/\/asdeliciasdosertao.com.br\/index.php?rest_route=%2Fwp%2Fv2%2Fproduct_cat&post=4950"},{"taxonomy":"product_tag","embeddable":true,"href":"https:\/\/asdeliciasdosertao.com.br\/index.php?rest_route=%2Fwp%2Fv2%2Fproduct_tag&post=4950"}],"curies":[{"name":"wp","href":"https:\/\/api.w.org\/{rel}","templated":true}]}}