{"id":4949,"date":"2025-08-27T14:35:45","date_gmt":"2025-08-27T14:35:45","guid":{"rendered":"https:\/\/asdeliciasdosertao.com.br\/?post_type=product&#038;p=4949"},"modified":"2025-08-27T14:35:47","modified_gmt":"2025-08-27T14:35:47","slug":"oleo-de-gengibre-20ml","status":"publish","type":"product","link":"https:\/\/asdeliciasdosertao.com.br\/?product=oleo-de-gengibre-20ml","title":{"rendered":"\u00d3leo de Gengibre &#8211; 20ml"},"content":{"rendered":"<p>O que \u00e9 o \u00d3leo de Gengibre?<br \/>\nO \u00f3leo de gengibre \u00e9 uma ess\u00eancia extra\u00edda da raiz do gengibre, conhecido por suas propriedades arom\u00e1ticas e medicinais. Este \u00f3leo \u00e9 amplamente utilizado na aromaterapia e na produ\u00e7\u00e3o de cosm\u00e9ticos devido aos seus in\u00fameros benef\u00edcios para a sa\u00fade.<br \/>\nBenef\u00edcios para a Sa\u00fade<br \/>\nO uso do \u00f3leo de gengibre pode ajudar a aliviar dores musculares e articulares, oferecer suporte digestivo e at\u00e9 mesmo colaborar na redu\u00e7\u00e3o da inflama\u00e7\u00e3o. Muitos usu\u00e1rios relatam uma sensa\u00e7\u00e3o de bem-estar ao incorpor\u00e1-lo em sua rotina.<br \/>\nComo Utilizar o \u00d3leo de Gengibre<br \/>\nO \u00f3leo de gengibre pode ser aplicado diretamente na pele com um \u00f3leo transportador, ou ainda ser utilizado em difusores para promover um ambiente relaxante. Incorpor\u00e1-lo em massagens \u00e9 uma \u00f3tima alternativa para potencializar seus efeitos ben\u00e9ficos.<\/p>\n","protected":false},"excerpt":{"rendered":"<p>O que \u00e9 o \u00d3leo de Gengibre? O \u00f3leo de gengibre \u00e9 uma ess\u00eancia extra\u00edda da raiz do gengibre, conhecido por suas propriedades arom\u00e1ticas e medicinais. Este \u00f3leo \u00e9 amplamente utilizado na aromaterapia e na produ\u00e7\u00e3o de cosm\u00e9ticos devido aos seus in\u00fameros benef\u00edcios para a sa\u00fade. Benef\u00edcios para a Sa\u00fade O uso do \u00f3leo de [&hellip;]<\/p>\n","protected":false},"featured_media":1865,"comment_status":"open","ping_status":"closed","template":"","meta":[],"product_brand":[],"product_cat":[337],"product_tag":[],"class_list":{"0":"post-4949","1":"product","2":"type-product","3":"status-publish","4":"has-post-thumbnail","6":"product_cat-produtos-regionais","8":"first","9":"instock","10":"shipping-taxable","11":"purchasable","12":"product-type-simple"},"_links":{"self":[{"href":"https:\/\/asdeliciasdosertao.com.br\/index.php?rest_route=\/wp\/v2\/product\/4949","targetHints":{"allow":["GET"]}}],"collection":[{"href":"https:\/\/asdeliciasdosertao.com.br\/index.php?rest_route=\/wp\/v2\/product"}],"about":[{"href":"https:\/\/asdeliciasdosertao.com.br\/index.php?rest_route=\/wp\/v2\/types\/product"}],"replies":[{"embeddable":true,"href":"https:\/\/asdeliciasdosertao.com.br\/index.php?rest_route=%2Fwp%2Fv2%2Fcomments&post=4949"}],"wp:featuredmedia":[{"embeddable":true,"href":"https:\/\/asdeliciasdosertao.com.br\/index.php?rest_route=\/wp\/v2\/media\/1865"}],"wp:attachment":[{"href":"https:\/\/asdeliciasdosertao.com.br\/index.php?rest_route=%2Fwp%2Fv2%2Fmedia&parent=4949"}],"wp:term":[{"taxonomy":"product_brand","embeddable":true,"href":"https:\/\/asdeliciasdosertao.com.br\/index.php?rest_route=%2Fwp%2Fv2%2Fproduct_brand&post=4949"},{"taxonomy":"product_cat","embeddable":true,"href":"https:\/\/asdeliciasdosertao.com.br\/index.php?rest_route=%2Fwp%2Fv2%2Fproduct_cat&post=4949"},{"taxonomy":"product_tag","embeddable":true,"href":"https:\/\/asdeliciasdosertao.com.br\/index.php?rest_route=%2Fwp%2Fv2%2Fproduct_tag&post=4949"}],"curies":[{"name":"wp","href":"https:\/\/api.w.org\/{rel}","templated":true}]}}