{"id":4948,"date":"2025-08-27T14:35:45","date_gmt":"2025-08-27T14:35:45","guid":{"rendered":"https:\/\/asdeliciasdosertao.com.br\/?post_type=product&#038;p=4948"},"modified":"2025-08-27T14:35:47","modified_gmt":"2025-08-27T14:35:47","slug":"oleo-essencial-melaleuca-20ml","status":"publish","type":"product","link":"https:\/\/asdeliciasdosertao.com.br\/?product=oleo-essencial-melaleuca-20ml","title":{"rendered":"\u00d3leo Essencial Melaleuca &#8211; 20ml"},"content":{"rendered":"<p>O que \u00e9 o \u00d3leo Essencial de Melaleuca?<br \/>\nO \u00f3leo essencial de melaleuca, tamb\u00e9m conhecido como tea tree oil, \u00e9 extra\u00eddo das folhas da planta Melaleuca alternifolia. Este \u00f3leo \u00e9 famoso por suas propriedades terap\u00eauticas e \u00e9 amplamente utilizado na aromaterapia.<br \/>\nPropriedades do \u00d3leo de Melaleuca<br \/>\nRico em compostos antimicrobianos e anti-inflamat\u00f3rios, o \u00f3leo essencial de melaleuca \u00e9 eficaz no combate a infec\u00e7\u00f5es e ajuda a melhorar a sa\u00fade da pele. \u00c9 uma escolha popular para tratar acne e outras condi\u00e7\u00f5es dermatol\u00f3gicas.<br \/>\nComo Usar o \u00d3leo de Melaleuca<br \/>\nOs usu\u00e1rios podem aplicar o \u00f3leo essencial de melaleuca topicamente, diluindo-o em um \u00f3leo Carreador ou utilizando em difusores para a aromaterapia. Sempre fa\u00e7a um teste de alergia antes de utilizar no corpo.<\/p>\n","protected":false},"excerpt":{"rendered":"<p>O que \u00e9 o \u00d3leo Essencial de Melaleuca? O \u00f3leo essencial de melaleuca, tamb\u00e9m conhecido como tea tree oil, \u00e9 extra\u00eddo das folhas da planta Melaleuca alternifolia. Este \u00f3leo \u00e9 famoso por suas propriedades terap\u00eauticas e \u00e9 amplamente utilizado na aromaterapia. Propriedades do \u00d3leo de Melaleuca Rico em compostos antimicrobianos e anti-inflamat\u00f3rios, o \u00f3leo essencial [&hellip;]<\/p>\n","protected":false},"featured_media":1862,"comment_status":"open","ping_status":"closed","template":"","meta":[],"product_brand":[],"product_cat":[337],"product_tag":[],"class_list":{"0":"post-4948","1":"product","2":"type-product","3":"status-publish","4":"has-post-thumbnail","6":"product_cat-produtos-regionais","8":"first","9":"instock","10":"shipping-taxable","11":"purchasable","12":"product-type-simple"},"_links":{"self":[{"href":"https:\/\/asdeliciasdosertao.com.br\/index.php?rest_route=\/wp\/v2\/product\/4948","targetHints":{"allow":["GET"]}}],"collection":[{"href":"https:\/\/asdeliciasdosertao.com.br\/index.php?rest_route=\/wp\/v2\/product"}],"about":[{"href":"https:\/\/asdeliciasdosertao.com.br\/index.php?rest_route=\/wp\/v2\/types\/product"}],"replies":[{"embeddable":true,"href":"https:\/\/asdeliciasdosertao.com.br\/index.php?rest_route=%2Fwp%2Fv2%2Fcomments&post=4948"}],"wp:featuredmedia":[{"embeddable":true,"href":"https:\/\/asdeliciasdosertao.com.br\/index.php?rest_route=\/wp\/v2\/media\/1862"}],"wp:attachment":[{"href":"https:\/\/asdeliciasdosertao.com.br\/index.php?rest_route=%2Fwp%2Fv2%2Fmedia&parent=4948"}],"wp:term":[{"taxonomy":"product_brand","embeddable":true,"href":"https:\/\/asdeliciasdosertao.com.br\/index.php?rest_route=%2Fwp%2Fv2%2Fproduct_brand&post=4948"},{"taxonomy":"product_cat","embeddable":true,"href":"https:\/\/asdeliciasdosertao.com.br\/index.php?rest_route=%2Fwp%2Fv2%2Fproduct_cat&post=4948"},{"taxonomy":"product_tag","embeddable":true,"href":"https:\/\/asdeliciasdosertao.com.br\/index.php?rest_route=%2Fwp%2Fv2%2Fproduct_tag&post=4948"}],"curies":[{"name":"wp","href":"https:\/\/api.w.org\/{rel}","templated":true}]}}