{"id":4946,"date":"2025-08-27T14:35:42","date_gmt":"2025-08-27T14:35:42","guid":{"rendered":"https:\/\/asdeliciasdosertao.com.br\/?post_type=product&#038;p=4946"},"modified":"2025-09-25T10:06:51","modified_gmt":"2025-09-25T10:06:51","slug":"extrato-de-barbatimao-20ml","status":"publish","type":"product","link":"https:\/\/asdeliciasdosertao.com.br\/?product=extrato-de-barbatimao-20ml","title":{"rendered":"Extrato de Barbatim\u00e3o &#8211; 20ml"},"content":{"rendered":"<p>O que \u00e9 o Extrato de Barbatim\u00e3o?<br \/>\nO extrato de barbatim\u00e3o \u00e9 derivado da casca da \u00e1rvore Stryphnodendron adstringens, que \u00e9 nativa das regi\u00f5es tropicais da Am\u00e9rica do Sul. Reconhecido por suas propriedades medicinais, esse extrato tem sido utilizado na medicina tradicional por s\u00e9culos.<br \/>\nBenef\u00edcios do Extrato de Barbatim\u00e3o<br \/>\nEste extrato \u00e9 popular por suas propriedades anti-inflamat\u00f3rias e cicatrizantes, sendo indicado para o tratamento de feridas, queimaduras e inflama\u00e7\u00f5es. Al\u00e9m disso, possui propriedades antimicrobianas que auxiliam na prote\u00e7\u00e3o contra infec\u00e7\u00f5es.<br \/>\nComo Usar o Extrato de Barbatim\u00e3o<br \/>\nO extrato de barbatim\u00e3o pode ser encontrado em diversas formas, como tintura, pomada ou em suplementos. Consulte um profissional para orienta\u00e7\u00f5es espec\u00edficas sobre a melhor forma de uso em sua situa\u00e7\u00e3o particular.<\/p>\n","protected":false},"excerpt":{"rendered":"<p>O que \u00e9 o Extrato de Barbatim\u00e3o? O extrato de barbatim\u00e3o \u00e9 derivado da casca da \u00e1rvore Stryphnodendron adstringens, que \u00e9 nativa das regi\u00f5es tropicais da Am\u00e9rica do Sul. Reconhecido por suas propriedades medicinais, esse extrato tem sido utilizado na medicina tradicional por s\u00e9culos. Benef\u00edcios do Extrato de Barbatim\u00e3o Este extrato \u00e9 popular por suas [&hellip;]<\/p>\n","protected":false},"featured_media":1855,"comment_status":"open","ping_status":"closed","template":"","meta":[],"product_brand":[],"product_cat":[337],"product_tag":[],"class_list":{"0":"post-4946","1":"product","2":"type-product","3":"status-publish","4":"has-post-thumbnail","6":"product_cat-produtos-regionais","8":"first","9":"instock","10":"shipping-taxable","11":"purchasable","12":"product-type-simple"},"_links":{"self":[{"href":"https:\/\/asdeliciasdosertao.com.br\/index.php?rest_route=\/wp\/v2\/product\/4946","targetHints":{"allow":["GET"]}}],"collection":[{"href":"https:\/\/asdeliciasdosertao.com.br\/index.php?rest_route=\/wp\/v2\/product"}],"about":[{"href":"https:\/\/asdeliciasdosertao.com.br\/index.php?rest_route=\/wp\/v2\/types\/product"}],"replies":[{"embeddable":true,"href":"https:\/\/asdeliciasdosertao.com.br\/index.php?rest_route=%2Fwp%2Fv2%2Fcomments&post=4946"}],"wp:featuredmedia":[{"embeddable":true,"href":"https:\/\/asdeliciasdosertao.com.br\/index.php?rest_route=\/wp\/v2\/media\/1855"}],"wp:attachment":[{"href":"https:\/\/asdeliciasdosertao.com.br\/index.php?rest_route=%2Fwp%2Fv2%2Fmedia&parent=4946"}],"wp:term":[{"taxonomy":"product_brand","embeddable":true,"href":"https:\/\/asdeliciasdosertao.com.br\/index.php?rest_route=%2Fwp%2Fv2%2Fproduct_brand&post=4946"},{"taxonomy":"product_cat","embeddable":true,"href":"https:\/\/asdeliciasdosertao.com.br\/index.php?rest_route=%2Fwp%2Fv2%2Fproduct_cat&post=4946"},{"taxonomy":"product_tag","embeddable":true,"href":"https:\/\/asdeliciasdosertao.com.br\/index.php?rest_route=%2Fwp%2Fv2%2Fproduct_tag&post=4946"}],"curies":[{"name":"wp","href":"https:\/\/api.w.org\/{rel}","templated":true}]}}