{"id":4944,"date":"2025-08-27T14:35:42","date_gmt":"2025-08-27T14:35:42","guid":{"rendered":"https:\/\/asdeliciasdosertao.com.br\/?post_type=product&#038;p=4944"},"modified":"2025-08-27T14:35:45","modified_gmt":"2025-08-27T14:35:45","slug":"oleo-de-semente-de-uva-20ml","status":"publish","type":"product","link":"https:\/\/asdeliciasdosertao.com.br\/?product=oleo-de-semente-de-uva-20ml","title":{"rendered":"\u00d3leo de Semente de Uva &#8211; 20ml"},"content":{"rendered":"<p>O que \u00e9 o \u00d3leo de Semente de Uva?<br \/>\nO \u00f3leo de semente de uva \u00e9 um extrato natural obtido das sementes das uvas. Este \u00f3leo \u00e9 reconhecido por suas propriedades antioxidantes e nutritivas, tornando-o um ingrediente valioso em produtos de beleza e cuidados pessoais.<br \/>\nBenef\u00edcios para a Pele<br \/>\nAl\u00e9m de hidratar a pele, o \u00f3leo de semente de uva ajuda na redu\u00e7\u00e3o de rugas e melhora a elasticidade, proporcionando uma apar\u00eancia mais jovem. Ele \u00e9 leve e facilmente absorvido, ideal para todos os tipos de pele.<br \/>\nUso na Culin\u00e1ria<br \/>\nEste \u00f3leo tamb\u00e9m pode ser utilizado na culin\u00e1ria, sendo uma excelente op\u00e7\u00e3o para temperar saladas e refogar verduras. O \u00f3leo de semente de uva \u00e9 rico em \u00e1cidos graxos essenciais, promovendo uma dieta equilibrada.<\/p>\n","protected":false},"excerpt":{"rendered":"<p>O que \u00e9 o \u00d3leo de Semente de Uva? O \u00f3leo de semente de uva \u00e9 um extrato natural obtido das sementes das uvas. Este \u00f3leo \u00e9 reconhecido por suas propriedades antioxidantes e nutritivas, tornando-o um ingrediente valioso em produtos de beleza e cuidados pessoais. Benef\u00edcios para a Pele Al\u00e9m de hidratar a pele, o [&hellip;]<\/p>\n","protected":false},"featured_media":1844,"comment_status":"open","ping_status":"closed","template":"","meta":[],"product_brand":[],"product_cat":[337],"product_tag":[],"class_list":{"0":"post-4944","1":"product","2":"type-product","3":"status-publish","4":"has-post-thumbnail","6":"product_cat-produtos-regionais","8":"first","9":"instock","10":"shipping-taxable","11":"purchasable","12":"product-type-simple"},"_links":{"self":[{"href":"https:\/\/asdeliciasdosertao.com.br\/index.php?rest_route=\/wp\/v2\/product\/4944","targetHints":{"allow":["GET"]}}],"collection":[{"href":"https:\/\/asdeliciasdosertao.com.br\/index.php?rest_route=\/wp\/v2\/product"}],"about":[{"href":"https:\/\/asdeliciasdosertao.com.br\/index.php?rest_route=\/wp\/v2\/types\/product"}],"replies":[{"embeddable":true,"href":"https:\/\/asdeliciasdosertao.com.br\/index.php?rest_route=%2Fwp%2Fv2%2Fcomments&post=4944"}],"wp:featuredmedia":[{"embeddable":true,"href":"https:\/\/asdeliciasdosertao.com.br\/index.php?rest_route=\/wp\/v2\/media\/1844"}],"wp:attachment":[{"href":"https:\/\/asdeliciasdosertao.com.br\/index.php?rest_route=%2Fwp%2Fv2%2Fmedia&parent=4944"}],"wp:term":[{"taxonomy":"product_brand","embeddable":true,"href":"https:\/\/asdeliciasdosertao.com.br\/index.php?rest_route=%2Fwp%2Fv2%2Fproduct_brand&post=4944"},{"taxonomy":"product_cat","embeddable":true,"href":"https:\/\/asdeliciasdosertao.com.br\/index.php?rest_route=%2Fwp%2Fv2%2Fproduct_cat&post=4944"},{"taxonomy":"product_tag","embeddable":true,"href":"https:\/\/asdeliciasdosertao.com.br\/index.php?rest_route=%2Fwp%2Fv2%2Fproduct_tag&post=4944"}],"curies":[{"name":"wp","href":"https:\/\/api.w.org\/{rel}","templated":true}]}}