{"id":4940,"date":"2025-08-27T14:35:42","date_gmt":"2025-08-27T14:35:42","guid":{"rendered":"https:\/\/asdeliciasdosertao.com.br\/?post_type=product&#038;p=4940"},"modified":"2025-08-27T14:35:44","modified_gmt":"2025-08-27T14:35:44","slug":"oleo-de-jojoba-30ml","status":"publish","type":"product","link":"https:\/\/asdeliciasdosertao.com.br\/?product=oleo-de-jojoba-30ml","title":{"rendered":"\u00d3leo de Jojoba &#8211; 30ml"},"content":{"rendered":"<p>Introdu\u00e7\u00e3o ao \u00d3leo de Jojoba<br \/>\nO \u00f3leo de jojoba \u00e9 um produto natural extra\u00eddo das sementes da planta jojoba, conhecida por suas propriedades emolientes e nutritivas. Este \u00f3leo \u00e9 altamente apreciado na cosm\u00e9tica por sua semelhan\u00e7a com o sebo humano, tornando-o um excelente hidratante para a pele e cabelos.<br \/>\nBenef\u00edcios para a Pele<br \/>\nRico em vitamina E e \u00e1cidos graxos, o \u00f3leo de jojoba ajuda a equilibrar a oleosidade da pele, prevenindo acne e outras imperfei\u00e7\u00f5es. Aplic\u00e1-lo diariamente pode promover uma pele mais suave e saud\u00e1vel.<br \/>\nUsos na Rotina de Beleza<br \/>\nAl\u00e9m de ser um \u00f3timo hidratante facial, o \u00f3leo de jojoba pode ser usado como removedor de maquiagem, \u00f3leo de barba e at\u00e9 mesmo como um tratamento para unhas e cut\u00edculas. Sua versatilidade faz dele um item essencial em qualquer rotina de beleza.<\/p>\n","protected":false},"excerpt":{"rendered":"<p>Rico em vitamina E e \u00e1cidos graxos, o \u00f3leo de jojoba ajuda a equilibrar a oleosidade da pele, prevenindo acne e outras imperfei\u00e7\u00f5es.<\/p>\n","protected":false},"featured_media":1784,"comment_status":"open","ping_status":"closed","template":"","meta":[],"product_brand":[],"product_cat":[337],"product_tag":[],"class_list":{"0":"post-4940","1":"product","2":"type-product","3":"status-publish","4":"has-post-thumbnail","6":"product_cat-produtos-regionais","8":"first","9":"instock","10":"shipping-taxable","11":"purchasable","12":"product-type-simple"},"_links":{"self":[{"href":"https:\/\/asdeliciasdosertao.com.br\/index.php?rest_route=\/wp\/v2\/product\/4940","targetHints":{"allow":["GET"]}}],"collection":[{"href":"https:\/\/asdeliciasdosertao.com.br\/index.php?rest_route=\/wp\/v2\/product"}],"about":[{"href":"https:\/\/asdeliciasdosertao.com.br\/index.php?rest_route=\/wp\/v2\/types\/product"}],"replies":[{"embeddable":true,"href":"https:\/\/asdeliciasdosertao.com.br\/index.php?rest_route=%2Fwp%2Fv2%2Fcomments&post=4940"}],"wp:featuredmedia":[{"embeddable":true,"href":"https:\/\/asdeliciasdosertao.com.br\/index.php?rest_route=\/wp\/v2\/media\/1784"}],"wp:attachment":[{"href":"https:\/\/asdeliciasdosertao.com.br\/index.php?rest_route=%2Fwp%2Fv2%2Fmedia&parent=4940"}],"wp:term":[{"taxonomy":"product_brand","embeddable":true,"href":"https:\/\/asdeliciasdosertao.com.br\/index.php?rest_route=%2Fwp%2Fv2%2Fproduct_brand&post=4940"},{"taxonomy":"product_cat","embeddable":true,"href":"https:\/\/asdeliciasdosertao.com.br\/index.php?rest_route=%2Fwp%2Fv2%2Fproduct_cat&post=4940"},{"taxonomy":"product_tag","embeddable":true,"href":"https:\/\/asdeliciasdosertao.com.br\/index.php?rest_route=%2Fwp%2Fv2%2Fproduct_tag&post=4940"}],"curies":[{"name":"wp","href":"https:\/\/api.w.org\/{rel}","templated":true}]}}