{"id":4939,"date":"2025-08-27T14:35:42","date_gmt":"2025-08-27T14:35:42","guid":{"rendered":"https:\/\/asdeliciasdosertao.com.br\/?post_type=product&#038;p=4939"},"modified":"2025-08-27T14:35:44","modified_gmt":"2025-08-27T14:35:44","slug":"oleo-de-hortela-20ml","status":"publish","type":"product","link":"https:\/\/asdeliciasdosertao.com.br\/?product=oleo-de-hortela-20ml","title":{"rendered":"\u00d3leo de Hortel\u00e3 &#8211; 20ml"},"content":{"rendered":"<p>O que \u00e9 o \u00d3leo de Hortel\u00e3?<br \/>\nO \u00f3leo de hortel\u00e3 \u00e9 um extrato natural feito a partir das folhas da planta Mentha piperita. Este \u00f3leo \u00e9 amplamente utilizado devido \u00e0s suas propriedades arom\u00e1ticas e terap\u00eauticas.<br \/>\nBenef\u00edcios do \u00d3leo de Hortel\u00e3<br \/>\nO \u00f3leo de hortel\u00e3 \u00e9 conhecido por suas propriedades refrescantes e estimulantes. Ele pode ajudar a aliviar dores de cabe\u00e7a, promover a digest\u00e3o e at\u00e9 mesmo melhorar a clareza mental. Al\u00e9m disso, possui propriedades antimicrobianas e anti-inflamat\u00f3rias.<br \/>\nComo Usar o \u00d3leo de Hortel\u00e3<br \/>\nEste \u00f3leo pode ser utilizado de v\u00e1rias formas, como na aromaterapia, em massagens ou at\u00e9 dilu\u00eddo em \u00f3leos carreador para a pele. Experimente adicionar algumas gotas em um difusor para criar um ambiente revitalizante.<\/p>\n","protected":false},"excerpt":{"rendered":"<p>Este \u00f3leo \u00e9 amplamente utilizado devido \u00e0s suas propriedades arom\u00e1ticas e terap\u00eauticas.<\/p>\n","protected":false},"featured_media":1781,"comment_status":"open","ping_status":"closed","template":"","meta":[],"product_brand":[],"product_cat":[337],"product_tag":[],"class_list":{"0":"post-4939","1":"product","2":"type-product","3":"status-publish","4":"has-post-thumbnail","6":"product_cat-produtos-regionais","8":"first","9":"instock","10":"shipping-taxable","11":"purchasable","12":"product-type-simple"},"_links":{"self":[{"href":"https:\/\/asdeliciasdosertao.com.br\/index.php?rest_route=\/wp\/v2\/product\/4939","targetHints":{"allow":["GET"]}}],"collection":[{"href":"https:\/\/asdeliciasdosertao.com.br\/index.php?rest_route=\/wp\/v2\/product"}],"about":[{"href":"https:\/\/asdeliciasdosertao.com.br\/index.php?rest_route=\/wp\/v2\/types\/product"}],"replies":[{"embeddable":true,"href":"https:\/\/asdeliciasdosertao.com.br\/index.php?rest_route=%2Fwp%2Fv2%2Fcomments&post=4939"}],"wp:featuredmedia":[{"embeddable":true,"href":"https:\/\/asdeliciasdosertao.com.br\/index.php?rest_route=\/wp\/v2\/media\/1781"}],"wp:attachment":[{"href":"https:\/\/asdeliciasdosertao.com.br\/index.php?rest_route=%2Fwp%2Fv2%2Fmedia&parent=4939"}],"wp:term":[{"taxonomy":"product_brand","embeddable":true,"href":"https:\/\/asdeliciasdosertao.com.br\/index.php?rest_route=%2Fwp%2Fv2%2Fproduct_brand&post=4939"},{"taxonomy":"product_cat","embeddable":true,"href":"https:\/\/asdeliciasdosertao.com.br\/index.php?rest_route=%2Fwp%2Fv2%2Fproduct_cat&post=4939"},{"taxonomy":"product_tag","embeddable":true,"href":"https:\/\/asdeliciasdosertao.com.br\/index.php?rest_route=%2Fwp%2Fv2%2Fproduct_tag&post=4939"}],"curies":[{"name":"wp","href":"https:\/\/api.w.org\/{rel}","templated":true}]}}