{"id":4937,"date":"2025-08-27T14:35:42","date_gmt":"2025-08-27T14:35:42","guid":{"rendered":"https:\/\/asdeliciasdosertao.com.br\/?post_type=product&#038;p=4937"},"modified":"2025-08-27T14:35:44","modified_gmt":"2025-08-27T14:35:44","slug":"oleo-de-copaiba","status":"publish","type":"product","link":"https:\/\/asdeliciasdosertao.com.br\/?product=oleo-de-copaiba","title":{"rendered":"\u00d3leo de Copa\u00edba"},"content":{"rendered":"<p>O que \u00e9 o \u00d3leo de Copa\u00edba?<br \/>\nO \u00f3leo de copa\u00edba \u00e9 um extrato natural, obtido a partir da resina de \u00e1rvores da fam\u00edlia Fabaceae. Este \u00f3leo tem sido utilizado h\u00e1 s\u00e9culos pelas comunidades ind\u00edgenas devido \u00e0s suas propriedades medicinais.<br \/>\nPropriedades do \u00d3leo de Copa\u00edba<br \/>\nRico em compostos bioativos, o \u00f3leo de copa\u00edba \u00e9 conhecido por suas propriedades anti-inflamat\u00f3rias e analg\u00e9sicas. Ele pode ser utilizado para aliviar dores articulares e musculares, promovendo assim um bem-estar geral.<br \/>\nComo Usar o \u00d3leo de Copa\u00edba<br \/>\nO \u00f3leo pode ser aplicado topicamente ou ingerido (sob orienta\u00e7\u00e3o profissional). \u00c9 uma escolha popular na aromaterapia e em tratamentos naturais, oferecendo uma alternativa saud\u00e1vel para quem busca cuidados hol\u00edsticos.<\/p>\n","protected":false},"excerpt":{"rendered":"<p>O \u00f3leo de copa\u00edba \u00e9 conhecido por suas propriedades anti-inflamat\u00f3rias e analg\u00e9sicas.<\/p>\n","protected":false},"featured_media":1776,"comment_status":"open","ping_status":"closed","template":"","meta":[],"product_brand":[],"product_cat":[337],"product_tag":[],"class_list":{"0":"post-4937","1":"product","2":"type-product","3":"status-publish","4":"has-post-thumbnail","6":"product_cat-produtos-regionais","8":"first","9":"instock","10":"shipping-taxable","11":"purchasable","12":"product-type-simple"},"_links":{"self":[{"href":"https:\/\/asdeliciasdosertao.com.br\/index.php?rest_route=\/wp\/v2\/product\/4937","targetHints":{"allow":["GET"]}}],"collection":[{"href":"https:\/\/asdeliciasdosertao.com.br\/index.php?rest_route=\/wp\/v2\/product"}],"about":[{"href":"https:\/\/asdeliciasdosertao.com.br\/index.php?rest_route=\/wp\/v2\/types\/product"}],"replies":[{"embeddable":true,"href":"https:\/\/asdeliciasdosertao.com.br\/index.php?rest_route=%2Fwp%2Fv2%2Fcomments&post=4937"}],"wp:featuredmedia":[{"embeddable":true,"href":"https:\/\/asdeliciasdosertao.com.br\/index.php?rest_route=\/wp\/v2\/media\/1776"}],"wp:attachment":[{"href":"https:\/\/asdeliciasdosertao.com.br\/index.php?rest_route=%2Fwp%2Fv2%2Fmedia&parent=4937"}],"wp:term":[{"taxonomy":"product_brand","embeddable":true,"href":"https:\/\/asdeliciasdosertao.com.br\/index.php?rest_route=%2Fwp%2Fv2%2Fproduct_brand&post=4937"},{"taxonomy":"product_cat","embeddable":true,"href":"https:\/\/asdeliciasdosertao.com.br\/index.php?rest_route=%2Fwp%2Fv2%2Fproduct_cat&post=4937"},{"taxonomy":"product_tag","embeddable":true,"href":"https:\/\/asdeliciasdosertao.com.br\/index.php?rest_route=%2Fwp%2Fv2%2Fproduct_tag&post=4937"}],"curies":[{"name":"wp","href":"https:\/\/api.w.org\/{rel}","templated":true}]}}