{"id":4936,"date":"2025-08-27T14:35:42","date_gmt":"2025-08-27T14:35:42","guid":{"rendered":"https:\/\/asdeliciasdosertao.com.br\/?post_type=product&#038;p=4936"},"modified":"2025-08-27T14:35:44","modified_gmt":"2025-08-27T14:35:44","slug":"oleo-de-babosa-20ml","status":"publish","type":"product","link":"https:\/\/asdeliciasdosertao.com.br\/?product=oleo-de-babosa-20ml","title":{"rendered":"\u00d3leo de babosa &#8211; 20ml"},"content":{"rendered":"<p>O que \u00e9 o \u00d3leo de Babosa?<br \/>\nO \u00f3leo de babosa \u00e9 um extrato natural que vem sendo amplamente utilizado na cosm\u00e9tica e na dermatologia. Este produto \u00e9 feito a partir da planta de babosa, famosa por suas propriedades hidratantes e cicatrizantes.<br \/>\nBenef\u00edcios para a Pele<br \/>\nRico em vitaminas e minerais, o \u00f3leo de babosa ajuda a nutrir a pele, promovendo a regenera\u00e7\u00e3o celular. \u00c9 ideal para tratar queimaduras, acne e ressecamento, proporcionando uma apar\u00eancia saud\u00e1vel e radiante.<br \/>\nVantagens para o Cabelo<br \/>\nAl\u00e9m dos benef\u00edcios para a pele, o \u00f3leo de babosa tamb\u00e9m \u00e9 uma excelente op\u00e7\u00e3o para cuidados capilares. Ele ajuda a hidratar os fios, reduzem a quebra e o frizz, tornando o cabelo mais forte e brilhante.<\/p>\n","protected":false},"excerpt":{"rendered":"<p>Este produto \u00e9 feito a partir da planta de babosa, famosa por suas propriedades hidratantes e cicatrizantes.<\/p>\n","protected":false},"featured_media":1774,"comment_status":"open","ping_status":"closed","template":"","meta":[],"product_brand":[],"product_cat":[337],"product_tag":[],"class_list":{"0":"post-4936","1":"product","2":"type-product","3":"status-publish","4":"has-post-thumbnail","6":"product_cat-produtos-regionais","8":"first","9":"instock","10":"shipping-taxable","11":"purchasable","12":"product-type-simple"},"_links":{"self":[{"href":"https:\/\/asdeliciasdosertao.com.br\/index.php?rest_route=\/wp\/v2\/product\/4936","targetHints":{"allow":["GET"]}}],"collection":[{"href":"https:\/\/asdeliciasdosertao.com.br\/index.php?rest_route=\/wp\/v2\/product"}],"about":[{"href":"https:\/\/asdeliciasdosertao.com.br\/index.php?rest_route=\/wp\/v2\/types\/product"}],"replies":[{"embeddable":true,"href":"https:\/\/asdeliciasdosertao.com.br\/index.php?rest_route=%2Fwp%2Fv2%2Fcomments&post=4936"}],"wp:featuredmedia":[{"embeddable":true,"href":"https:\/\/asdeliciasdosertao.com.br\/index.php?rest_route=\/wp\/v2\/media\/1774"}],"wp:attachment":[{"href":"https:\/\/asdeliciasdosertao.com.br\/index.php?rest_route=%2Fwp%2Fv2%2Fmedia&parent=4936"}],"wp:term":[{"taxonomy":"product_brand","embeddable":true,"href":"https:\/\/asdeliciasdosertao.com.br\/index.php?rest_route=%2Fwp%2Fv2%2Fproduct_brand&post=4936"},{"taxonomy":"product_cat","embeddable":true,"href":"https:\/\/asdeliciasdosertao.com.br\/index.php?rest_route=%2Fwp%2Fv2%2Fproduct_cat&post=4936"},{"taxonomy":"product_tag","embeddable":true,"href":"https:\/\/asdeliciasdosertao.com.br\/index.php?rest_route=%2Fwp%2Fv2%2Fproduct_tag&post=4936"}],"curies":[{"name":"wp","href":"https:\/\/api.w.org\/{rel}","templated":true}]}}