{"id":4935,"date":"2025-08-27T14:35:42","date_gmt":"2025-08-27T14:35:42","guid":{"rendered":"https:\/\/asdeliciasdosertao.com.br\/?post_type=product&#038;p=4935"},"modified":"2025-08-27T14:35:44","modified_gmt":"2025-08-27T14:35:44","slug":"oleo-de-abacate-20ml","status":"publish","type":"product","link":"https:\/\/asdeliciasdosertao.com.br\/?product=oleo-de-abacate-20ml","title":{"rendered":"\u00d3leo de Abacate &#8211; 20ml"},"content":{"rendered":"<p>O Que \u00c9 o \u00d3leo de Abacate?<br \/>\nO \u00f3leo de abacate \u00e9 um extrato natural, obtido a partir da polpa do abacate. \u00c9 conhecido por suas propriedades nutritivas e \u00e9 amplamente utilizado na culin\u00e1ria e em cuidados pessoais.<br \/>\nPropriedades Nutritivas<br \/>\nRico em \u00e1cidos graxos essenciais, o \u00f3leo de abacate cont\u00e9m vitamina E, que favorece a sa\u00fade da pele e do cabelo. Sua composi\u00e7\u00e3o torna-o ideal para hidrata\u00e7\u00e3o e rejuvenescimento.<br \/>\nUsos do \u00d3leo de Abacate<br \/>\nAl\u00e9m do consumo em saladas e pratos quentes, o \u00f3leo de abacate tamb\u00e9m \u00e9 utilizado em tratamentos cosm\u00e9ticos para pele e cabelo, promovendo nutri\u00e7\u00e3o profunda e brilho.<\/p>\n","protected":false},"excerpt":{"rendered":"<p>O \u00f3leo de abacate \u00e9 conhecido por suas propriedades nutritivas e \u00e9 amplamente utilizado na culin\u00e1ria e em cuidados pessoais.<\/p>\n","protected":false},"featured_media":1769,"comment_status":"open","ping_status":"closed","template":"","meta":[],"product_brand":[],"product_cat":[337],"product_tag":[],"class_list":{"0":"post-4935","1":"product","2":"type-product","3":"status-publish","4":"has-post-thumbnail","6":"product_cat-produtos-regionais","8":"first","9":"instock","10":"shipping-taxable","11":"purchasable","12":"product-type-simple"},"_links":{"self":[{"href":"https:\/\/asdeliciasdosertao.com.br\/index.php?rest_route=\/wp\/v2\/product\/4935","targetHints":{"allow":["GET"]}}],"collection":[{"href":"https:\/\/asdeliciasdosertao.com.br\/index.php?rest_route=\/wp\/v2\/product"}],"about":[{"href":"https:\/\/asdeliciasdosertao.com.br\/index.php?rest_route=\/wp\/v2\/types\/product"}],"replies":[{"embeddable":true,"href":"https:\/\/asdeliciasdosertao.com.br\/index.php?rest_route=%2Fwp%2Fv2%2Fcomments&post=4935"}],"wp:featuredmedia":[{"embeddable":true,"href":"https:\/\/asdeliciasdosertao.com.br\/index.php?rest_route=\/wp\/v2\/media\/1769"}],"wp:attachment":[{"href":"https:\/\/asdeliciasdosertao.com.br\/index.php?rest_route=%2Fwp%2Fv2%2Fmedia&parent=4935"}],"wp:term":[{"taxonomy":"product_brand","embeddable":true,"href":"https:\/\/asdeliciasdosertao.com.br\/index.php?rest_route=%2Fwp%2Fv2%2Fproduct_brand&post=4935"},{"taxonomy":"product_cat","embeddable":true,"href":"https:\/\/asdeliciasdosertao.com.br\/index.php?rest_route=%2Fwp%2Fv2%2Fproduct_cat&post=4935"},{"taxonomy":"product_tag","embeddable":true,"href":"https:\/\/asdeliciasdosertao.com.br\/index.php?rest_route=%2Fwp%2Fv2%2Fproduct_tag&post=4935"}],"curies":[{"name":"wp","href":"https:\/\/api.w.org\/{rel}","templated":true}]}}