{"id":4834,"date":"2025-08-27T14:35:26","date_gmt":"2025-08-27T14:35:26","guid":{"rendered":"https:\/\/asdeliciasdosertao.com.br\/?post_type=product&#038;p=4834"},"modified":"2025-08-27T14:35:28","modified_gmt":"2025-08-27T14:35:28","slug":"curcuma-60-capsulas","status":"publish","type":"product","link":"https:\/\/asdeliciasdosertao.com.br\/?product=curcuma-60-capsulas","title":{"rendered":"C\u00farcuma &#8211; 60 C\u00e1psulas"},"content":{"rendered":"<p>A CURCUMA, conte\u00fado ativo da raiz da planta Curcuma longa, oferece diversos benef\u00edcios para a sa\u00fade<\/p>\n<p>&nbsp;<br \/>\nVamos conhecer ?<br \/>\n1. Anti-inflamat\u00f3rio: Reduz inflama\u00e7\u00f5es e dor.<\/p>\n<p>2. Antioxidante: Protege contra danos oxidativos.<\/p>\n<p>3. Imunomodulador: Regula o sistema imunol\u00f3gico.<\/p>\n<p>4. Antibacteriano: Combate bact\u00e9rias patog\u00eanicas.<\/p>\n<p>5. Antiviral: Inibe replica\u00e7\u00e3o de v\u00edrus.<\/p>\n<p>&nbsp;<br \/>\nSa\u00fade F\u00edsica<br \/>\n1. Al\u00edvio da dor: Artrite, dor \u00f3ssea, muscular e menstrual.<\/p>\n<p>2. Melhoria da sa\u00fade \u00f3ssea: Osteoporose, osteoartrite.<\/p>\n<p>3. Redu\u00e7\u00e3o do colesterol: Preven\u00e7\u00e3o de doen\u00e7as card\u00edacas.<\/p>\n<p>4. Melhoria da circula\u00e7\u00e3o: Preven\u00e7\u00e3o de tromboses.<\/p>\n<p>5. Apoio ao tratamento do c\u00e2ncer: Inibe crescimento de c\u00e9lulas<\/p>\n<p>cancer\u00edgenas.<\/p>\n<p>&nbsp;<br \/>\nSa\u00fade Mental e Emocional<br \/>\n1. Redu\u00e7\u00e3o do estresse: Ansiedade, depress\u00e3o.<\/p>\n<p>2. Melhoria do humor: Regula\u00e7\u00e3o hormonal.<\/p>\n<p>3. Apoio ao tratamento da ansiedade: Reduz sintomas.<\/p>\n<p>4. Melhoria da mem\u00f3ria: Preven\u00e7\u00e3o da doen\u00e7a de Alzheimer.<\/p>\n<p>5. Redu\u00e7\u00e3o da fadiga: Aumenta energia.<\/p>\n<p>&nbsp;<br \/>\nPele e Cabelo<br \/>\n1. Tratamento de acne: Reduz inflama\u00e7\u00e3o.<\/p>\n<p>2. Melhoria da sa\u00fade da pele: Anti-envelhecimento.<\/p>\n<p>3. Crescimento saud\u00e1vel do cabelo: Fortalece fol\u00edculos.<\/p>\n<p>4. Redu\u00e7\u00e3o da caspa: Tratamento de dermatite.<\/p>\n<p>5. Melhoria da apar\u00eancia da pele: Clareamento, hidrata\u00e7\u00e3o.<\/p>\n","protected":false},"excerpt":{"rendered":"<p>A CURCUMA, conte\u00fado ativo da raiz da planta Curcuma longa, oferece diversos benef\u00edcios para a sa\u00fade &nbsp; Vamos conhecer ? 1. Anti-inflamat\u00f3rio: Reduz inflama\u00e7\u00f5es e dor. 2. Antioxidante: Protege contra danos oxidativos. 3. Imunomodulador: Regula o sistema imunol\u00f3gico. 4. Antibacteriano: Combate bact\u00e9rias patog\u00eanicas. 5. Antiviral: Inibe replica\u00e7\u00e3o de v\u00edrus. &nbsp; Sa\u00fade F\u00edsica 1. Al\u00edvio da [&hellip;]<\/p>\n","protected":false},"featured_media":925,"comment_status":"open","ping_status":"closed","template":"","meta":[],"product_brand":[],"product_cat":[339],"product_tag":[],"class_list":{"0":"post-4834","1":"product","2":"type-product","3":"status-publish","4":"has-post-thumbnail","6":"product_cat-saude-bem-estar","8":"first","9":"instock","10":"shipping-taxable","11":"purchasable","12":"product-type-simple"},"_links":{"self":[{"href":"https:\/\/asdeliciasdosertao.com.br\/index.php?rest_route=\/wp\/v2\/product\/4834","targetHints":{"allow":["GET"]}}],"collection":[{"href":"https:\/\/asdeliciasdosertao.com.br\/index.php?rest_route=\/wp\/v2\/product"}],"about":[{"href":"https:\/\/asdeliciasdosertao.com.br\/index.php?rest_route=\/wp\/v2\/types\/product"}],"replies":[{"embeddable":true,"href":"https:\/\/asdeliciasdosertao.com.br\/index.php?rest_route=%2Fwp%2Fv2%2Fcomments&post=4834"}],"wp:featuredmedia":[{"embeddable":true,"href":"https:\/\/asdeliciasdosertao.com.br\/index.php?rest_route=\/wp\/v2\/media\/925"}],"wp:attachment":[{"href":"https:\/\/asdeliciasdosertao.com.br\/index.php?rest_route=%2Fwp%2Fv2%2Fmedia&parent=4834"}],"wp:term":[{"taxonomy":"product_brand","embeddable":true,"href":"https:\/\/asdeliciasdosertao.com.br\/index.php?rest_route=%2Fwp%2Fv2%2Fproduct_brand&post=4834"},{"taxonomy":"product_cat","embeddable":true,"href":"https:\/\/asdeliciasdosertao.com.br\/index.php?rest_route=%2Fwp%2Fv2%2Fproduct_cat&post=4834"},{"taxonomy":"product_tag","embeddable":true,"href":"https:\/\/asdeliciasdosertao.com.br\/index.php?rest_route=%2Fwp%2Fv2%2Fproduct_tag&post=4834"}],"curies":[{"name":"wp","href":"https:\/\/api.w.org\/{rel}","templated":true}]}}