{"id":4822,"date":"2025-08-27T14:35:24","date_gmt":"2025-08-27T14:35:24","guid":{"rendered":"https:\/\/asdeliciasdosertao.com.br\/?post_type=product&#038;p=4822"},"modified":"2025-08-27T14:35:25","modified_gmt":"2025-08-27T14:35:25","slug":"gel-massageador-arnica-e-copaiba-dor-ma-circulacao","status":"publish","type":"product","link":"https:\/\/asdeliciasdosertao.com.br\/?product=gel-massageador-arnica-e-copaiba-dor-ma-circulacao","title":{"rendered":"Gel Massageador Arnica e Copa\u00edba &#8211; Dor &#038; M\u00e1 Circula\u00e7\u00e3o"},"content":{"rendered":"<p>Gel Massageador Arnica e Copa\u00edba &#8211; Dor &amp; M\u00e1 Circula\u00e7\u00e3o<br \/>\nA Arnica e a Copa\u00edba s\u00e3o plantas medicinais tradicionalmente utilizadas para aliviar dores musculares, vamos conhecer todos os seus\u00a0 beneficios ?<br \/>\n&nbsp;<\/p>\n<p>1. Anti-inflamat\u00f3ria: Reduz inflama\u00e7\u00f5es e dor.<\/p>\n<p>2. Relaxante muscular: Alivia tens\u00e3o e espasmos musculares.<\/p>\n<p>3. Melhora circula\u00e7\u00e3o: Aumenta fluxo sangu\u00edneo, reduzindo dor e inflama\u00e7\u00e3o.<\/p>\n<p>4. Antioxidante: Protege contra danos celulares<\/p>\n<p>5. Tratamento de les\u00f5es: Ajuda na recupera\u00e7\u00e3o de les\u00f5es esportivas.<\/p>\n<p>6. Tratamento de artrite: Alivia dor e inflama\u00e7\u00e3o articular.<\/p>\n<p>&nbsp;<br \/>\nGostou ?<br \/>\n\u00c9 o poder da natureza cuidando de voc\u00ea.<\/p>\n<p>Conhe\u00e7a a linha completa de gels massageadores.<\/p>\n","protected":false},"excerpt":{"rendered":"<h4><strong>A Arnica e a Copa\u00edba s\u00e3o plantas medicinais tradicionalmente utilizadas para aliviar dores musculares<\/strong><\/h4>\n","protected":false},"featured_media":697,"comment_status":"open","ping_status":"closed","template":"","meta":[],"product_brand":[],"product_cat":[338],"product_tag":[],"class_list":{"0":"post-4822","1":"product","2":"type-product","3":"status-publish","4":"has-post-thumbnail","6":"product_cat-pomadas-geis-naturais","8":"first","9":"instock","10":"shipping-taxable","11":"purchasable","12":"product-type-simple"},"_links":{"self":[{"href":"https:\/\/asdeliciasdosertao.com.br\/index.php?rest_route=\/wp\/v2\/product\/4822","targetHints":{"allow":["GET"]}}],"collection":[{"href":"https:\/\/asdeliciasdosertao.com.br\/index.php?rest_route=\/wp\/v2\/product"}],"about":[{"href":"https:\/\/asdeliciasdosertao.com.br\/index.php?rest_route=\/wp\/v2\/types\/product"}],"replies":[{"embeddable":true,"href":"https:\/\/asdeliciasdosertao.com.br\/index.php?rest_route=%2Fwp%2Fv2%2Fcomments&post=4822"}],"wp:featuredmedia":[{"embeddable":true,"href":"https:\/\/asdeliciasdosertao.com.br\/index.php?rest_route=\/wp\/v2\/media\/697"}],"wp:attachment":[{"href":"https:\/\/asdeliciasdosertao.com.br\/index.php?rest_route=%2Fwp%2Fv2%2Fmedia&parent=4822"}],"wp:term":[{"taxonomy":"product_brand","embeddable":true,"href":"https:\/\/asdeliciasdosertao.com.br\/index.php?rest_route=%2Fwp%2Fv2%2Fproduct_brand&post=4822"},{"taxonomy":"product_cat","embeddable":true,"href":"https:\/\/asdeliciasdosertao.com.br\/index.php?rest_route=%2Fwp%2Fv2%2Fproduct_cat&post=4822"},{"taxonomy":"product_tag","embeddable":true,"href":"https:\/\/asdeliciasdosertao.com.br\/index.php?rest_route=%2Fwp%2Fv2%2Fproduct_tag&post=4822"}],"curies":[{"name":"wp","href":"https:\/\/api.w.org\/{rel}","templated":true}]}}